{"id":3095,"date":"2025-02-27T17:18:56","date_gmt":"2025-02-27T17:18:56","guid":{"rendered":"https:\/\/www.santuarideterrades.cat\/promotions\/"},"modified":"2025-02-27T17:18:56","modified_gmt":"2025-02-27T17:18:56","slug":"promotions","status":"publish","type":"page","link":"https:\/\/www.santuarideterrades.cat\/fr\/promotions\/","title":{"rendered":"Promotions"},"content":{"rendered":"<p>[vc_row disable_element=\u00a0\u00bbyes\u00a0\u00bb][vc_column css=\u00a0\u00bb.vc_custom_1492160685310{padding-top: 100px !important;padding-bottom: 150px !important;}\u00a0\u00bb][\/vc_column][\/vc_row][vc_row disable_element=\u00a0\u00bbyes\u00a0\u00bb][vc_column width=\u00a0\u00bb2\/3&Prime;][fleurdesel_fullscreen_slider sliders=\u00a0\u00bb%5B%7B%22image%22%3A%222628%22%7D%5D\u00a0\u00bb][\/vc_column][vc_column width=\u00a0\u00bb1\/3&Prime;][vc_column_text]<\/p>\n<h5><span style=\"color: #b3904b;\">Del 27 de SETEMBRE al 4 de NOVEMBRE<\/span><\/h5>\n<p>[\/vc_column_text][vc_column_text]<\/p>\n<h5><span style=\"color: #b3904b;\">De DIMARTS a DIVENDRES<\/span><\/h5>\n<p>[\/vc_column_text][vc_empty_space][vc_column_text]<\/p>\n<h2>NIT ROM\u00c0NTICA<\/h2>\n<p><span class=\"fz-16\" style=\"color: #666666;\">Gaudiu d&rsquo;una nit rom\u00e0ntica amb la vostre parella, en una habitaci\u00f3 doble, amb esmorzar o mitja pensi\u00f3 inclosos.<\/span>[\/vc_column_text][vc_empty_space][vc_column_text]<\/p>\n<h6><span style=\"color: #808080;\"><a href=\"https:\/\/www.santuarideterrades.cat\/nit-romantica\/\">m\u00e9s detalls <\/a><\/span><span style=\"color: #808080;\">\u2192<\/span><\/h6>\n<h6><\/h6>\n<p>[\/vc_column_text][\/vc_column][\/vc_row][vc_row][vc_column][vc_empty_space height=\u00a0\u00bb100px\u00a0\u00bb][\/vc_column][\/vc_row][vc_row disable_element=\u00a0\u00bbyes\u00a0\u00bb][vc_column width=\u00a0\u00bb2\/3&Prime;][fleurdesel_fullscreen_slider sliders=\u00a0\u00bb%5B%7B%22image%22%3A%222616%22%7D%5D\u00a0\u00bb][\/vc_column][vc_column width=\u00a0\u00bb1\/3&Prime;][vc_column_text]<\/p>\n<h5><span style=\"color: #b3904b;\">De l&rsquo;1 al 31 d&rsquo;OCTUBRE<\/span><\/h5>\n<p>[\/vc_column_text][vc_empty_space][vc_column_text]<\/p>\n<h2>10% DESCOMPTE<\/h2>\n<p><span class=\"fz-16\" style=\"color: #666666;\">Aprofita aquesta oferta d&rsquo;\u00faltima hora i gaudeix d&rsquo;un m\u00ednim de dues nits amb un 10% de descompte<\/span>[\/vc_column_text][vc_empty_space][vc_column_text]<\/p>\n<h6><span style=\"color: #808080;\"><a href=\"https:\/\/www.santuarideterrades.cat\/oferta-distancia-llarga\/\">m\u00e9s detalls<\/a> \u2192<\/span><\/h6>\n<p>[\/vc_column_text][\/vc_column][\/vc_row][vc_row][vc_column width=\u00a0\u00bb2\/3&Prime;][fleurdesel_fullscreen_slider sliders=\u00a0\u00bb%5B%7B%22image%22%3A%222274%22%7D%5D\u00a0\u00bb][\/vc_column][vc_column width=\u00a0\u00bb1\/3&Prime;][vc_column_text]<\/p>\n<h5><span style=\"color: #b3904b;\">Profitez de 4 nuits au prix de 3 <\/span><\/h5>\n<p>[\/vc_column_text][vc_empty_space][vc_column_text]<\/p>\n<h2>ESCAPADE 3&#215;4<\/h2>\n<ul>\n<li>Valable du 11\/04\/25 au 07\/01\/26, dates incluses<\/li>\n<li>Dates exclues de l&rsquo;offre : 23\/06-30\/09\/23<\/li>\n<li>Non cumulable avec d&rsquo;autres offres en cours<\/li>\n<\/ul>\n<p>[\/vc_column_text][vc_empty_space][vc_column_text]<\/p>\n<h6><span style=\"color: #808080;\"><a href=\"https:\/\/www.santuarideterrades.cat\/escapada-tres-per-quatre\/\">Plus de d\u00e9tails<\/a> \u2192<\/span><\/h6>\n<p>[\/vc_column_text][\/vc_column][\/vc_row][vc_row][vc_column][vc_empty_space height=\u00a0\u00bb100px\u00a0\u00bb][\/vc_column][\/vc_row][vc_row disable_element=\u00a0\u00bbyes\u00a0\u00bb][vc_column width=\u00a0\u00bb2\/3&Prime;][fleurdesel_fullscreen_slider sliders=\u00a0\u00bb%5B%7B%22image%22%3A%222645%22%7D%5D\u00a0\u00bb css=\u00a0\u00bb.vc_custom_1664565885984{background-image: url(https:&#47;&#x2f;w&#119;&#x77;&#46;&#115;&#x61;n&#116;&#x75;a&#114;&#x69;d&#101;&#x74;e&#114;&#x72;a&#100;&#x65;s&#46;&#x63;a&#116;&#x2f;w&#112;&#x2d;c&#x6f;&#x6e;t&#x65;&#x6e;&#116;&#x2f;&#x75;&#112;&#x6c;&#x6f;&#97;&#x64;&#x73;&#47;&#x32;&#x30;&#50;&#x32;\/&#48;&#x39;\/&#68;&#x43;_&#48;&#x36;0&#54;&#x31;1&#68;&#x53;C&#48;&#x30;3&#48;&#x36;-&#48;&#x30;0&#49;&#x5f;&#64;&#68;&#x61;n&#x69;&#x53;p&#x65;&#x65;&#100;&#x79;&#x63;&#111;&#x2d;&#x73;&#99;&#x61;&#x6c;&#101;&#x64;&#x2e;&#106;&#x70;g?id=2645) !important;}\u00a0\u00bb][\/vc_column][vc_column width=\u00a0\u00bb1\/3&Prime;][vc_column_text]<\/p>\n<h5><span style=\"color: #b3904b;\">Fins al 7 de GENER del 2023<\/span><\/h5>\n<p>[\/vc_column_text][vc_empty_space][vc_column_text]<\/p>\n<h2>ESCAPADA AMB MASCOTA<\/h2>\n<p>No et separis de la teva mascota durant la teva escapada. A Santuari de la Salut som Pet Friendly, gaudeix de la teva mascota i no paguis la seva estan\u00e7a.[\/vc_column_text][vc_empty_space][vc_column_text]<\/p>\n<h6><span style=\"color: #808080;\"><a href=\"https:\/\/www.santuarideterrades.cat\/?page_id=1722\">m\u00e9s detalls<\/a> \u2192<\/span><\/h6>\n<p>[\/vc_column_text][\/vc_column][\/vc_row][vc_row][vc_column][\/vc_column][\/vc_row][vc_row][vc_column width=\u00a0\u00bb2\/3&Prime;][fleurdesel_fullscreen_slider sliders=\u00a0\u00bb%5B%7B%22image%22%3A%222624%22%7D%5D\u00a0\u00bb][\/vc_column][vc_column width=\u00a0\u00bb1\/3&Prime;][vc_column_text]<\/p>\n<h5><span style=\"color: #b3904b;\">R\u00e9servez avec nous et obtenez une r\u00e9duction de 5% <\/span><\/h5>\n<p>[\/vc_column_text][vc_empty_space][vc_column_text]<\/p>\n<h2>OFFRE SITE WEB OFFICIEL<\/h2>\n<p>\u2022 Valable du 08\/03\/25 au 07\/01\/26, dates incluses<br \/>\n\u2022 Non cumulable avec d&rsquo;autres offres en cours[\/vc_column_text][vc_empty_space][vc_column_text]<\/p>\n<h6><span style=\"color: #808080;\"><a href=\"https:\/\/www.santuarideterrades.cat\/oferta-per-la-web-oficial\/\">Plus de d\u00e9tails<\/a>\u00a0\u2192<\/span><\/h6>\n<p>[\/vc_column_text][\/vc_column][\/vc_row][vc_row][vc_column][vc_empty_space height=\u00a0\u00bb100px\u00a0\u00bb][\/vc_column][\/vc_row][vc_row][vc_column width=\u00a0\u00bb2\/3&Prime;][fleurdesel_fullscreen_slider sliders=\u00a0\u00bb%5B%7B%22image%22%3A%222616%22%7D%2C%7B%7D%5D\u00a0\u00bb][\/vc_column][vc_column width=\u00a0\u00bb1\/3&Prime;][vc_column_text]<\/p>\n<h5><span style=\"color: #b3904b;\">Long s\u00e9jour avec 25% de r\u00e9duction !\u00a0<\/span><\/h5>\n<p>[\/vc_column_text][vc_empty_space][vc_column_text]<\/p>\n<h2>C&rsquo;EST UNE AFFAIRE !<\/h2>\n<p>\u2022 Valable du 11\/04\/25 au 31\/05\/26<\/p>\n<p>\u2022 Non cumulable avec d&rsquo;autres offres en cours[\/vc_column_text][vc_empty_space][vc_column_text]<\/p>\n<h6><span style=\"color: #808080;\"><a href=\"https:\/\/www.santuarideterrades.cat\/oferta-distancia-llarga\/\">Plus de d\u00e9tails<\/a>\u00a0\u2192<\/span><\/h6>\n<p>[\/vc_column_text][\/vc_column][\/vc_row][vc_row][vc_column][vc_empty_space height=\u00a0\u00bb100px\u00a0\u00bb][\/vc_column][\/vc_row]<\/p>\n","protected":false},"excerpt":{"rendered":"<p>[vc_row disable_element=\u00a0\u00bbyes\u00a0\u00bb][vc_column css=\u00a0\u00bb.vc_custom_1492160685310{padding-top: 100px !important;padding-bottom: 150px !important;}\u00a0\u00bb][\/vc_column][\/vc_row][vc_row disable_element=\u00a0\u00bbyes\u00a0\u00bb][vc_column width=\u00a0\u00bb2\/3&Prime;][fleurdesel_fullscreen_slider sliders=\u00a0\u00bb%5B%7B%22image%22%3A%222628%22%7D%5D\u00a0\u00bb][\/vc_column][vc_column width=\u00a0\u00bb1\/3&Prime;][vc_column_text] Del 27 de SETEMBRE al 4 de NOVEMBRE [\/vc_column_text][vc_column_text] De DIMARTS a DIVENDRES [\/vc_column_text][vc_empty_space][vc_column_text] NIT ROM\u00c0NTICA Gaudiu d&rsquo;una nit rom\u00e0ntica amb la vostre parella, en una habitaci\u00f3 doble, amb esmorzar o mitja pensi\u00f3 inclosos.[\/vc_column_text][vc_empty_space][vc_column_text] m\u00e9s detalls \u2192 [\/vc_column_text][\/vc_column][\/vc_row][vc_row][vc_column][vc_empty_space height=\u00a0\u00bb100px\u00a0\u00bb][\/vc_column][\/vc_row][vc_row disable_element=\u00a0\u00bbyes\u00a0\u00bb][vc_column width=\u00a0\u00bb2\/3&Prime;][fleurdesel_fullscreen_slider sliders=\u00a0\u00bb%5B%7B%22image%22%3A%222616%22%7D%5D\u00a0\u00bb][\/vc_column][vc_column width=\u00a0\u00bb1\/3&Prime;][vc_column_text] De [&hellip;]<\/p>\n","protected":false},"author":3,"featured_media":0,"parent":0,"menu_order":0,"comment_status":"closed","ping_status":"closed","template":"templates\/page-builder.php","meta":{"footnotes":""},"class_list":["post-3095","page","type-page","status-publish","hentry"],"yoast_head":"<!-- This site is optimized with the Yoast SEO plugin v24.6 - https:\/\/yoast.com\/wordpress\/plugins\/seo\/ -->\n<title>Promotions - Santuari de Terrades<\/title>\n<meta name=\"robots\" content=\"index, follow, max-snippet:-1, max-image-preview:large, max-video-preview:-1\" \/>\n<link rel=\"canonical\" href=\"https:\/\/www.santuarideterrades.cat\/promotions\/\" \/>\n<meta property=\"og:locale\" content=\"fr_FR\" \/>\n<meta property=\"og:type\" content=\"article\" \/>\n<meta property=\"og:title\" content=\"Promotions - Santuari de Terrades\" \/>\n<meta property=\"og:description\" content=\"[vc_row disable_element=\u00a0\u00bbyes\u00a0\u00bb][vc_column css=\u00a0\u00bb.vc_custom_1492160685310{padding-top: 100px !important;padding-bottom: 150px !important;}\u00a0\u00bb][\/vc_column][\/vc_row][vc_row disable_element=\u00a0\u00bbyes\u00a0\u00bb][vc_column width=\u00a0\u00bb2\/3&Prime;][fleurdesel_fullscreen_slider sliders=\u00a0\u00bb%5B%7B%22image%22%3A%222628%22%7D%5D\u00a0\u00bb][\/vc_column][vc_column width=\u00a0\u00bb1\/3&Prime;][vc_column_text] Del 27 de SETEMBRE al 4 de NOVEMBRE [\/vc_column_text][vc_column_text] De DIMARTS a DIVENDRES [\/vc_column_text][vc_empty_space][vc_column_text] NIT ROM\u00c0NTICA Gaudiu d&rsquo;una nit rom\u00e0ntica amb la vostre parella, en una habitaci\u00f3 doble, amb esmorzar o mitja pensi\u00f3 inclosos.[\/vc_column_text][vc_empty_space][vc_column_text] m\u00e9s detalls \u2192 [\/vc_column_text][\/vc_column][\/vc_row][vc_row][vc_column][vc_empty_space height=\u00a0\u00bb100px\u00a0\u00bb][\/vc_column][\/vc_row][vc_row disable_element=\u00a0\u00bbyes\u00a0\u00bb][vc_column width=\u00a0\u00bb2\/3&Prime;][fleurdesel_fullscreen_slider sliders=\u00a0\u00bb%5B%7B%22image%22%3A%222616%22%7D%5D\u00a0\u00bb][\/vc_column][vc_column width=\u00a0\u00bb1\/3&Prime;][vc_column_text] De [&hellip;]\" \/>\n<meta property=\"og:url\" content=\"https:\/\/www.santuarideterrades.cat\/promotions\/\" \/>\n<meta property=\"og:site_name\" content=\"Santuari de Terrades\" \/>\n<meta name=\"twitter:card\" content=\"summary_large_image\" \/>\n<meta name=\"twitter:label1\" content=\"Dur\u00e9e de lecture estim\u00e9e\" \/>\n\t<meta name=\"twitter:data1\" content=\"3 minutes\" \/>\n<script type=\"application\/ld+json\" class=\"yoast-schema-graph\">{\"@context\":\"https:\/\/schema.org\",\"@graph\":[{\"@type\":\"WebPage\",\"@id\":\"https:\/\/www.santuarideterrades.cat\/promotions\/\",\"url\":\"https:\/\/www.santuarideterrades.cat\/promotions\/\",\"name\":\"Promotions - Santuari de Terrades\",\"isPartOf\":{\"@id\":\"https:\/\/www.santuarideterrades.cat\/#website\"},\"datePublished\":\"2025-02-27T17:18:56+00:00\",\"breadcrumb\":{\"@id\":\"https:\/\/www.santuarideterrades.cat\/promotions\/#breadcrumb\"},\"inLanguage\":\"fr-FR\",\"potentialAction\":[{\"@type\":\"ReadAction\",\"target\":[\"https:\/\/www.santuarideterrades.cat\/promotions\/\"]}]},{\"@type\":\"BreadcrumbList\",\"@id\":\"https:\/\/www.santuarideterrades.cat\/promotions\/#breadcrumb\",\"itemListElement\":[{\"@type\":\"ListItem\",\"position\":1,\"name\":\"Inici\",\"item\":\"https:\/\/www.santuarideterrades.cat\/\"},{\"@type\":\"ListItem\",\"position\":2,\"name\":\"Promotions\"}]},{\"@type\":\"WebSite\",\"@id\":\"https:\/\/www.santuarideterrades.cat\/#website\",\"url\":\"https:\/\/www.santuarideterrades.cat\/\",\"name\":\"Santuari de Terrades\",\"description\":\"Santuari de la Mare de D\u00e9u  de la Salut\",\"publisher\":{\"@id\":\"https:\/\/www.santuarideterrades.cat\/#organization\"},\"potentialAction\":[{\"@type\":\"SearchAction\",\"target\":{\"@type\":\"EntryPoint\",\"urlTemplate\":\"https:\/\/www.santuarideterrades.cat\/?s={search_term_string}\"},\"query-input\":{\"@type\":\"PropertyValueSpecification\",\"valueRequired\":true,\"valueName\":\"search_term_string\"}}],\"inLanguage\":\"fr-FR\"},{\"@type\":\"Organization\",\"@id\":\"https:\/\/www.santuarideterrades.cat\/#organization\",\"name\":\"Restaurant i Hostatgeria del Santuari de la Salut de Terrades\",\"url\":\"https:\/\/www.santuarideterrades.cat\/\",\"logo\":{\"@type\":\"ImageObject\",\"inLanguage\":\"fr-FR\",\"@id\":\"https:\/\/www.santuarideterrades.cat\/#\/schema\/logo\/image\/\",\"url\":\"https:\/\/www.santuarideterrades.cat\/wp-content\/uploads\/2022\/08\/LOGO-LA-SALUT-DE-TERRADES-fosc.png\",\"contentUrl\":\"https:\/\/www.santuarideterrades.cat\/wp-content\/uploads\/2022\/08\/LOGO-LA-SALUT-DE-TERRADES-fosc.png\",\"width\":2000,\"height\":826,\"caption\":\"Restaurant i Hostatgeria del Santuari de la Salut de Terrades\"},\"image\":{\"@id\":\"https:\/\/www.santuarideterrades.cat\/#\/schema\/logo\/image\/\"}}]}<\/script>\n<!-- \/ Yoast SEO plugin. -->","yoast_head_json":{"title":"Promotions - Santuari de Terrades","robots":{"index":"index","follow":"follow","max-snippet":"max-snippet:-1","max-image-preview":"max-image-preview:large","max-video-preview":"max-video-preview:-1"},"canonical":"https:\/\/www.santuarideterrades.cat\/promotions\/","og_locale":"fr_FR","og_type":"article","og_title":"Promotions - Santuari de Terrades","og_description":"[vc_row disable_element=\u00a0\u00bbyes\u00a0\u00bb][vc_column css=\u00a0\u00bb.vc_custom_1492160685310{padding-top: 100px !important;padding-bottom: 150px !important;}\u00a0\u00bb][\/vc_column][\/vc_row][vc_row disable_element=\u00a0\u00bbyes\u00a0\u00bb][vc_column width=\u00a0\u00bb2\/3&Prime;][fleurdesel_fullscreen_slider sliders=\u00a0\u00bb%5B%7B%22image%22%3A%222628%22%7D%5D\u00a0\u00bb][\/vc_column][vc_column width=\u00a0\u00bb1\/3&Prime;][vc_column_text] Del 27 de SETEMBRE al 4 de NOVEMBRE [\/vc_column_text][vc_column_text] De DIMARTS a DIVENDRES [\/vc_column_text][vc_empty_space][vc_column_text] NIT ROM\u00c0NTICA Gaudiu d&rsquo;una nit rom\u00e0ntica amb la vostre parella, en una habitaci\u00f3 doble, amb esmorzar o mitja pensi\u00f3 inclosos.[\/vc_column_text][vc_empty_space][vc_column_text] m\u00e9s detalls \u2192 [\/vc_column_text][\/vc_column][\/vc_row][vc_row][vc_column][vc_empty_space height=\u00a0\u00bb100px\u00a0\u00bb][\/vc_column][\/vc_row][vc_row disable_element=\u00a0\u00bbyes\u00a0\u00bb][vc_column width=\u00a0\u00bb2\/3&Prime;][fleurdesel_fullscreen_slider sliders=\u00a0\u00bb%5B%7B%22image%22%3A%222616%22%7D%5D\u00a0\u00bb][\/vc_column][vc_column width=\u00a0\u00bb1\/3&Prime;][vc_column_text] De [&hellip;]","og_url":"https:\/\/www.santuarideterrades.cat\/promotions\/","og_site_name":"Santuari de Terrades","twitter_card":"summary_large_image","twitter_misc":{"Dur\u00e9e de lecture estim\u00e9e":"3 minutes"},"schema":{"@context":"https:\/\/schema.org","@graph":[{"@type":"WebPage","@id":"https:\/\/www.santuarideterrades.cat\/promotions\/","url":"https:\/\/www.santuarideterrades.cat\/promotions\/","name":"Promotions - Santuari de Terrades","isPartOf":{"@id":"https:\/\/www.santuarideterrades.cat\/#website"},"datePublished":"2025-02-27T17:18:56+00:00","breadcrumb":{"@id":"https:\/\/www.santuarideterrades.cat\/promotions\/#breadcrumb"},"inLanguage":"fr-FR","potentialAction":[{"@type":"ReadAction","target":["https:\/\/www.santuarideterrades.cat\/promotions\/"]}]},{"@type":"BreadcrumbList","@id":"https:\/\/www.santuarideterrades.cat\/promotions\/#breadcrumb","itemListElement":[{"@type":"ListItem","position":1,"name":"Inici","item":"https:\/\/www.santuarideterrades.cat\/"},{"@type":"ListItem","position":2,"name":"Promotions"}]},{"@type":"WebSite","@id":"https:\/\/www.santuarideterrades.cat\/#website","url":"https:\/\/www.santuarideterrades.cat\/","name":"Santuari de Terrades","description":"Santuari de la Mare de D\u00e9u  de la Salut","publisher":{"@id":"https:\/\/www.santuarideterrades.cat\/#organization"},"potentialAction":[{"@type":"SearchAction","target":{"@type":"EntryPoint","urlTemplate":"https:\/\/www.santuarideterrades.cat\/?s={search_term_string}"},"query-input":{"@type":"PropertyValueSpecification","valueRequired":true,"valueName":"search_term_string"}}],"inLanguage":"fr-FR"},{"@type":"Organization","@id":"https:\/\/www.santuarideterrades.cat\/#organization","name":"Restaurant i Hostatgeria del Santuari de la Salut de Terrades","url":"https:\/\/www.santuarideterrades.cat\/","logo":{"@type":"ImageObject","inLanguage":"fr-FR","@id":"https:\/\/www.santuarideterrades.cat\/#\/schema\/logo\/image\/","url":"https:\/\/www.santuarideterrades.cat\/wp-content\/uploads\/2022\/08\/LOGO-LA-SALUT-DE-TERRADES-fosc.png","contentUrl":"https:\/\/www.santuarideterrades.cat\/wp-content\/uploads\/2022\/08\/LOGO-LA-SALUT-DE-TERRADES-fosc.png","width":2000,"height":826,"caption":"Restaurant i Hostatgeria del Santuari de la Salut de Terrades"},"image":{"@id":"https:\/\/www.santuarideterrades.cat\/#\/schema\/logo\/image\/"}}]}},"jetpack_sharing_enabled":true,"_links":{"self":[{"href":"https:\/\/www.santuarideterrades.cat\/fr\/wp-json\/wp\/v2\/pages\/3095","targetHints":{"allow":["GET"]}}],"collection":[{"href":"https:\/\/www.santuarideterrades.cat\/fr\/wp-json\/wp\/v2\/pages"}],"about":[{"href":"https:\/\/www.santuarideterrades.cat\/fr\/wp-json\/wp\/v2\/types\/page"}],"author":[{"embeddable":true,"href":"https:\/\/www.santuarideterrades.cat\/fr\/wp-json\/wp\/v2\/users\/3"}],"replies":[{"embeddable":true,"href":"https:\/\/www.santuarideterrades.cat\/fr\/wp-json\/wp\/v2\/comments?post=3095"}],"version-history":[{"count":0,"href":"https:\/\/www.santuarideterrades.cat\/fr\/wp-json\/wp\/v2\/pages\/3095\/revisions"}],"wp:attachment":[{"href":"https:\/\/www.santuarideterrades.cat\/fr\/wp-json\/wp\/v2\/media?parent=3095"}],"curies":[{"name":"wp","href":"https:\/\/api.w.org\/{rel}","templated":true}]}}