{"id":3019,"date":"2017-03-23T07:37:25","date_gmt":"2017-03-23T07:37:25","guid":{"rendered":"https:\/\/www.santuarideterrades.cat\/activitats-2\/"},"modified":"2023-02-06T16:22:05","modified_gmt":"2023-02-06T16:22:05","slug":"activites","status":"publish","type":"page","link":"https:\/\/www.santuarideterrades.cat\/fr\/activites\/","title":{"rendered":"Activit\u00e9s"},"content":{"rendered":"<p>[vc_row][vc_column offset=\u00a0\u00bbvc_col-lg-offset-2 vc_col-lg-8 vc_col-md-offset-2 vc_col-md-8&Prime;][fleurdesel_heading title_size=\u00a0\u00bbDefault\u00a0\u00bb align=\u00a0\u00bbcenter\u00a0\u00bb title=\u00a0\u00bbMoments inoubliables\u00a0\u00bb subtitle=\u00a0\u00bbACTIVIT\u00c9S\u00a0\u00bb css=\u00a0\u00bb.vc_custom_1675700459101{margin-bottom: 40px !important;padding-top: 100px !important;}\u00a0\u00bb][vc_column_text css=\u00a0\u00bb.vc_custom_1675700214271{margin-bottom: 90px !important;padding-right: 30px !important;padding-left: 30px !important;}\u00a0\u00bb]\u00c0 partir du sanctuaire de la Salut vous pourrez d\u00e9couvrir et visiter l&rsquo;environnement pour jouir des vues en y faisant de la randonn\u00e9e, du trekking, des excursions avec un \u00e2ne, des parcours \u00e0 v\u00e9lo ou vous lancer en parachutes \u00e0 Empuriabrava.<\/p>\n<p>Nous vous offrons un \u00e9ventail de propositions \u00e0 r\u00e9aliser dans la zone aussi bien en famille qu&rsquo;en couple ou qu&rsquo;avec des amis.[\/vc_column_text][\/vc_column][\/vc_row][vc_row css=\u00a0\u00bb.vc_custom_1491215321364{margin-bottom: 50px !important;}\u00a0\u00bb][vc_column][vc_single_image image=\u00a0\u00bb989&Prime; img_size=\u00a0\u00bbfull\u00a0\u00bb alignment=\u00a0\u00bbcenter\u00a0\u00bb][\/vc_column][\/vc_row][vc_row css=\u00a0\u00bb.vc_custom_1491215365578{margin-bottom: 140px !important;}\u00a0\u00bb][vc_column offset=\u00a0\u00bbvc_col-lg-offset-1 vc_col-lg-10 vc_col-md-offset-1 vc_col-md-10&Prime;][vc_column_text]<\/p>\n<p style=\"text-align: center;\">Un endroit ancien, un endroit nouveau, un endroit merveilleux, un endroit&#8230;inoubliable. Vous pourrez profiter de visites guid\u00e9es, d&rsquo;excursions \u00e0 v\u00e9lo, de sentiers pr\u00e9cieux, de sorties culturelles.<\/p>\n<p>[\/vc_column_text][\/vc_column][\/vc_row][vc_section css=\u00a0\u00bb.vc_custom_1491293765601{padding-bottom: 120px !important;}\u00a0\u00bb][vc_row content_placement=\u00a0\u00bbmiddle\u00a0\u00bb][vc_column offset=\u00a0\u00bbvc_col-lg-6 vc_col-md-6&Prime; el_class=\u00a0\u00bbpr-md-0&Prime;][vc_single_image image=\u00a0\u00bb988&Prime; img_size=\u00a0\u00bbfull\u00a0\u00bb alignment=\u00a0\u00bbcenter\u00a0\u00bb el_class=\u00a0\u00bbpr-md-0&Prime;][\/vc_column][vc_column offset=\u00a0\u00bbvc_col-lg-6 vc_col-md-6&Prime;][vc_column_text css=\u00a0\u00bb.vc_custom_1675700485299{padding-top: 30px !important;padding-right: 65px !important;padding-bottom: 30px !important;padding-left: 65px !important;}\u00a0\u00bb]<\/p>\n<h3 style=\"text-align: center;\"><strong>Sentiers de randonn\u00e9e et trekking<\/strong><\/h3>\n<p style=\"text-align: center;\">\u00c0 partir du Sanctuaire vous pourrez r\u00e9aliser de nombreuses promenades, <strong>randonn\u00e9e ou trekking<\/strong> (pour des groupes nous disposons de <strong>guide<\/strong>), des excursions \u00e0 kayak au marais, des sentiers \u00e0 v\u00e9lo ou vous lancer en parachutes \u00e0 Empuriabrava.<\/p>\n<p>[\/vc_column_text][\/vc_column][\/vc_row][vc_row content_placement=\u00a0\u00bbmiddle\u00a0\u00bb][vc_column offset=\u00a0\u00bbvc_col-lg-6 vc_col-md-6&Prime; el_class=\u00a0\u00bbpush-lg-6 pl-md-0&Prime;][vc_single_image image=\u00a0\u00bb2418&Prime; img_size=\u00a0\u00bbfull\u00a0\u00bb alignment=\u00a0\u00bbcenter\u00a0\u00bb][\/vc_column][vc_column offset=\u00a0\u00bbvc_col-lg-6 vc_col-md-6&Prime; el_class=\u00a0\u00bbpull-lg-6&Prime;][vc_column_text css=\u00a0\u00bb.vc_custom_1675700494665{padding-top: 30px !important;padding-right: 65px !important;padding-bottom: 30px !important;padding-left: 65px !important;}\u00a0\u00bb]<\/p>\n<h3 style=\"text-align: center;\"><strong>Observatoire astronomique<\/strong><\/h3>\n<p style=\"text-align: center;\">Jouissez d&rsquo;une exp\u00e9rience incroyable en contemplant les \u00e9toiles et notre syst\u00e8me. L&rsquo;observatoire d&rsquo;Albany\u00e0 est situ\u00e9 \u00e0 moins de 15 km du Sanctuaire. Vous pourrez choisir entre les diff\u00e9rentes offres que cet espace vous offre sous la lumi\u00e8re des \u00e9toiles.<\/p>\n<p>\u00a0[\/vc_column_text][\/vc_column][\/vc_row][vc_row content_placement=\u00a0\u00bbmiddle\u00a0\u00bb][vc_column offset=\u00a0\u00bbvc_col-lg-6 vc_col-md-6&Prime; el_class=\u00a0\u00bbpr-md-0&Prime;][vc_single_image image=\u00a0\u00bb2396&Prime; img_size=\u00a0\u00bbfull\u00a0\u00bb alignment=\u00a0\u00bbcenter\u00a0\u00bb][\/vc_column][vc_column offset=\u00a0\u00bbvc_col-lg-6 vc_col-md-6&Prime;][vc_column_text css=\u00a0\u00bb.vc_custom_1675700503746{padding-top: 30px !important;padding-right: 65px !important;padding-bottom: 30px !important;padding-left: 65px !important;}\u00a0\u00bb]<\/p>\n<h3 style=\"text-align: center;\"><strong>Mus\u00e9e Dal\u00ed<\/strong><\/h3>\n<p style=\"text-align: center;\">\u00c0 seulement 15 km du Sanctuaire de la Salut, vous pourrez visiter le Mus\u00e9e Dal\u00ed de Figueres. Contemplez toutes les \u0153uvres d&rsquo;art du g\u00e9nie de l&rsquo;Empord\u00e0 dans cette visite culturelle, l&rsquo;exp\u00e9rience ne vous laissera pas indiff\u00e9rents.<\/p>\n<h3 style=\"text-align: center;\"><span style=\"font-size: 16px;\">.<\/span><\/h3>\n<p>[\/vc_column_text][\/vc_column][\/vc_row][vc_row content_placement=\u00a0\u00bbmiddle\u00a0\u00bb][vc_column offset=\u00a0\u00bbvc_col-lg-6 vc_col-md-6&Prime; el_class=\u00a0\u00bbpush-lg-6 pl-md-0&Prime;][vc_single_image image=\u00a0\u00bb2401&Prime; img_size=\u00a0\u00bbfull\u00a0\u00bb alignment=\u00a0\u00bbcenter\u00a0\u00bb][\/vc_column][vc_column offset=\u00a0\u00bbvc_col-lg-6 vc_col-md-6&Prime; el_class=\u00a0\u00bbpull-lg-6&Prime;][vc_column_text css=\u00a0\u00bb.vc_custom_1675700512956{padding-top: 30px !important;padding-right: 65px !important;padding-bottom: 30px !important;padding-left: 65px !important;}\u00a0\u00bb]<\/p>\n<h3 style=\"text-align: center;\"><strong>Plages<\/strong><\/h3>\n<p style=\"text-align: center;\">Si vous pr\u00e9f\u00e9rez la plage et la montagne, \u00e0 seulement 40 minutes du Sanctuaire vous pourrez jouir des calanques offertes par l&rsquo;Empord\u00e0. D\u00e9couvrez des coins de mer, roches et sable \u00e0 quelques kilom\u00e8tres.<\/p>\n<p>[\/vc_column_text][\/vc_column][\/vc_row][\/vc_section][vc_row disable_element=\u00a0\u00bbyes\u00a0\u00bb css=\u00a0\u00bb.vc_custom_1660211156227{padding-bottom: 130px !important;}\u00a0\u00bb][vc_column css=\u00a0\u00bb.vc_custom_1500284808200{padding-top: 0px !important;padding-right: 0px !important;padding-bottom: 0px !important;padding-left: 0px !important;background-image: url(https:\/\/www.santuarideterrades.cat\/wp-content\/uploads\/2017\/03\/pattern-bg.jpg?id=1237) !important;background-position: 0 0 !important;background-repeat: repeat !important;}\u00a0\u00bb]<p class=\"wpcf7-contact-form-not-found\"><strong>Erreur\u00a0:<\/strong> Formulaire de contact non trouv\u00e9\u00a0!<\/p>[\/vc_column][\/vc_row][vc_section css=\u00a0\u00bb.vc_custom_1491294868446{padding-bottom: 120px !important;}\u00a0\u00bb][vc_row disable_element=\u00a0\u00bbyes\u00a0\u00bb css=\u00a0\u00bb.vc_custom_1660211166794{padding-bottom: 100px !important;}\u00a0\u00bb][vc_column offset=\u00a0\u00bbvc_col-lg-offset-2 vc_col-lg-8 vc_col-md-offset-2 vc_col-md-8&Prime;][fleurdesel_heading title_size=\u00a0\u00bbDefault\u00a0\u00bb align=\u00a0\u00bbcenter\u00a0\u00bb title=\u00a0\u00bbMembership\u00a0\u00bb subtitle=\u00a0\u00bbOUR GOLF PACKAGE\u00a0\u00bb][\/vc_column][\/vc_row][vc_row disable_element=\u00a0\u00bbyes\u00a0\u00bb][vc_column offset=\u00a0\u00bbvc_col-lg-4 vc_col-md-4&Prime;][fleurdesel_pricing_table price=\u00a0\u00bb$3.400&Prime; price_unit=\u00a0\u00bb\/PACKAGE\u00a0\u00bb features=\u00a0\u00bb%5B%7B%22text%22%3A%22%3Cb%3E100%3C%2Fb%3E%20%20Golf%20Course%20Variet%22%7D%2C%7B%22text%22%3A%22Monthly%20Great%20Events%22%7D%2C%7B%22text%22%3A%22%3Cb%3E4%20Types%3C%2Fb%3E%20Golf%20Course%20Variet%22%7D%2C%7B%22text%22%3A%22Speedy%20pace%20of%20play%22%7D%2C%7B%22text%22%3A%22Great%20golf%20events%22%7D%2C%7B%22text%22%3A%22Speedy%20pace%20of%20play%22%7D%2C%7B%22text%22%3A%22%3Cb%3E90%3C%2Fb%3E%20Speedy%20pace%20of%20play%22%7D%5D\u00a0\u00bb title=\u00a0\u00bbJunior Golf\u00a0\u00bb desc=\u00a0\u00bbFar far away, behind the word mountains, far from the countries Carter Meadows .\u00a0\u00bb button=\u00a0\u00bburl:http%3A%2F%2Fdemo.awethemes.com%2Ffleurdesel%2Fpackage%2Fsurfing-package-6%2F|title:GET%20THIS%20PACKAGE||\u00a0\u00bb][\/vc_column][vc_column offset=\u00a0\u00bbvc_col-lg-4 vc_col-md-4&Prime;][fleurdesel_pricing_table price=\u00a0\u00bb$42.000&Prime; price_unit=\u00a0\u00bb\/PACKAGE\u00a0\u00bb active=\u00a0\u00bbtrue\u00a0\u00bb features=\u00a0\u00bb%5B%7B%22text%22%3A%22%3Cb%3E100%3C%2Fb%3E%20%20Golf%20Course%20Variet%22%7D%2C%7B%22text%22%3A%22Monthly%20Great%20Events%22%7D%2C%7B%22text%22%3A%22%3Cb%3E4%20Types%3C%2Fb%3E%20Golf%20Course%20Variet%22%7D%2C%7B%22text%22%3A%22Speedy%20pace%20of%20play%22%7D%2C%7B%22text%22%3A%22Great%20golf%20events%22%7D%2C%7B%22text%22%3A%22Speedy%20pace%20of%20play%22%7D%2C%7B%22text%22%3A%22%3Cb%3E90%3C%2Fb%3E%20Speedy%20pace%20of%20play%22%7D%5D\u00a0\u00bb title=\u00a0\u00bbSingle Golf\u00a0\u00bb desc=\u00a0\u00bbFar far away, behind the word mountains, far from the countries Carter Meadows .\u00a0\u00bb button=\u00a0\u00bburl:http%3A%2F%2Fdemo.awethemes.com%2Ffleurdesel%2Fpackage%2Fsurfing-package-5%2F|title:GET%20THIS%20PACKAGE||\u00a0\u00bb][\/vc_column][vc_column offset=\u00a0\u00bbvc_col-lg-4 vc_col-md-4&Prime;][fleurdesel_pricing_table price=\u00a0\u00bb$45.400&Prime; price_unit=\u00a0\u00bb\/PACKAGE\u00a0\u00bb features=\u00a0\u00bb%5B%7B%22text%22%3A%22%3Cb%3E100%3C%2Fb%3E%20%20Golf%20Course%20Variet%22%7D%2C%7B%22text%22%3A%22Monthly%20Great%20Events%22%7D%2C%7B%22text%22%3A%22%3Cb%3E4%20Types%3C%2Fb%3E%20Golf%20Course%20Variet%22%7D%2C%7B%22text%22%3A%22Speedy%20pace%20of%20play%22%7D%2C%7B%22text%22%3A%22Great%20golf%20events%22%7D%2C%7B%22text%22%3A%22Speedy%20pace%20of%20play%22%7D%2C%7B%22text%22%3A%22%3Cb%3E90%3C%2Fb%3E%20Speedy%20pace%20of%20play%22%7D%5D\u00a0\u00bb title=\u00a0\u00bbFamily Golf\u00a0\u00bb desc=\u00a0\u00bbFar far away, behind the word mountains, far from the countries Carter Meadows .\u00a0\u00bb button=\u00a0\u00bburl:http%3A%2F%2Fdemo.awethemes.com%2Ffleurdesel%2Fpackage%2Fsurfing-package-6%2F|title:GET%20THIS%20PACKAGE||\u00a0\u00bb][\/vc_column][\/vc_row][\/vc_section][vc_row disable_element=\u00a0\u00bbyes\u00a0\u00bb css=\u00a0\u00bb.vc_custom_1660211184570{padding-bottom: 150px !important;}\u00a0\u00bb][vc_column][fleurdesel_fullscreen_slider sliders=\u00a0\u00bb%5B%7B%22image%22%3A%22429%22%2C%22title%22%3A%22Mens%20Play%20Golf%20In%20Fleur%20De%20Sel%20Hotel%22%2C%22link%22%3A%22%23%22%7D%2C%7B%22image%22%3A%22400%22%2C%22title%22%3A%22Mens%20Play%20Golf%20In%20Fleur%20De%20Sel%20Hotel%22%2C%22link%22%3A%22%23%22%7D%5D\u00a0\u00bb][\/vc_column][\/vc_row]<\/p>\n","protected":false},"excerpt":{"rendered":"<p>[vc_row][vc_column offset=\u00a0\u00bbvc_col-lg-offset-2 vc_col-lg-8 vc_col-md-offset-2 vc_col-md-8&Prime;][fleurdesel_heading title_size=\u00a0\u00bbDefault\u00a0\u00bb align=\u00a0\u00bbcenter\u00a0\u00bb title=\u00a0\u00bbMoments inoubliables\u00a0\u00bb subtitle=\u00a0\u00bbACTIVIT\u00c9S\u00a0\u00bb css=\u00a0\u00bb.vc_custom_1675700459101{margin-bottom: 40px !important;padding-top: 100px !important;}\u00a0\u00bb][vc_column_text css=\u00a0\u00bb.vc_custom_1675700214271{margin-bottom: 90px !important;padding-right: 30px !important;padding-left: 30px !important;}\u00a0\u00bb]\u00c0 partir du sanctuaire de la Salut vous pourrez d\u00e9couvrir et visiter l&rsquo;environnement pour jouir des vues en y faisant de la randonn\u00e9e, du trekking, des excursions avec un \u00e2ne, des parcours \u00e0 v\u00e9lo [&hellip;]<\/p>\n","protected":false},"author":3,"featured_media":2412,"parent":0,"menu_order":0,"comment_status":"closed","ping_status":"closed","template":"templates\/page-builder.php","meta":{"footnotes":""},"class_list":["post-3019","page","type-page","status-publish","has-post-thumbnail","hentry"],"yoast_head":"<!-- This site is optimized with the Yoast SEO plugin v24.6 - https:\/\/yoast.com\/wordpress\/plugins\/seo\/ -->\n<title>Activit\u00e9s - Santuari de Terrades<\/title>\n<meta name=\"robots\" content=\"index, follow, max-snippet:-1, max-image-preview:large, max-video-preview:-1\" \/>\n<link rel=\"canonical\" href=\"https:\/\/www.santuarideterrades.cat\/fr\/activites\/\" \/>\n<meta property=\"og:locale\" content=\"fr_FR\" \/>\n<meta property=\"og:type\" content=\"article\" \/>\n<meta property=\"og:title\" content=\"Activit\u00e9s - Santuari de Terrades\" \/>\n<meta property=\"og:description\" content=\"[vc_row][vc_column offset=\u00a0\u00bbvc_col-lg-offset-2 vc_col-lg-8 vc_col-md-offset-2 vc_col-md-8&Prime;][fleurdesel_heading title_size=\u00a0\u00bbDefault\u00a0\u00bb align=\u00a0\u00bbcenter\u00a0\u00bb title=\u00a0\u00bbMoments inoubliables\u00a0\u00bb subtitle=\u00a0\u00bbACTIVIT\u00c9S\u00a0\u00bb css=\u00a0\u00bb.vc_custom_1675700459101{margin-bottom: 40px !important;padding-top: 100px !important;}\u00a0\u00bb][vc_column_text css=\u00a0\u00bb.vc_custom_1675700214271{margin-bottom: 90px !important;padding-right: 30px !important;padding-left: 30px !important;}\u00a0\u00bb]\u00c0 partir du sanctuaire de la Salut vous pourrez d\u00e9couvrir et visiter l&rsquo;environnement pour jouir des vues en y faisant de la randonn\u00e9e, du trekking, des excursions avec un \u00e2ne, des parcours \u00e0 v\u00e9lo [&hellip;]\" \/>\n<meta property=\"og:url\" content=\"https:\/\/www.santuarideterrades.cat\/fr\/activites\/\" \/>\n<meta property=\"og:site_name\" content=\"Santuari de Terrades\" \/>\n<meta property=\"article:modified_time\" content=\"2023-02-06T16:22:05+00:00\" \/>\n<meta property=\"og:image\" content=\"https:\/\/www.santuarideterrades.cat\/wp-content\/uploads\/2022\/08\/girl-taking-photo-of-her-friends-group-of-young-friends-hiking-through-forest-travel-hiking-adventure-concept-1.jpg\" \/>\n\t<meta property=\"og:image:width\" content=\"1498\" \/>\n\t<meta property=\"og:image:height\" content=\"998\" \/>\n\t<meta property=\"og:image:type\" content=\"image\/jpeg\" \/>\n<meta name=\"twitter:card\" content=\"summary_large_image\" \/>\n<meta name=\"twitter:label1\" content=\"Dur\u00e9e de lecture estim\u00e9e\" \/>\n\t<meta name=\"twitter:data1\" content=\"3 minutes\" \/>\n<script type=\"application\/ld+json\" class=\"yoast-schema-graph\">{\"@context\":\"https:\/\/schema.org\",\"@graph\":[{\"@type\":\"WebPage\",\"@id\":\"https:\/\/www.santuarideterrades.cat\/fr\/activites\/\",\"url\":\"https:\/\/www.santuarideterrades.cat\/fr\/activites\/\",\"name\":\"Activit\u00e9s - Santuari de Terrades\",\"isPartOf\":{\"@id\":\"https:\/\/www.santuarideterrades.cat\/#website\"},\"primaryImageOfPage\":{\"@id\":\"https:\/\/www.santuarideterrades.cat\/fr\/activites\/#primaryimage\"},\"image\":{\"@id\":\"https:\/\/www.santuarideterrades.cat\/fr\/activites\/#primaryimage\"},\"thumbnailUrl\":\"https:\/\/www.santuarideterrades.cat\/wp-content\/uploads\/2022\/08\/girl-taking-photo-of-her-friends-group-of-young-friends-hiking-through-forest-travel-hiking-adventure-concept-1.jpg\",\"datePublished\":\"2017-03-23T07:37:25+00:00\",\"dateModified\":\"2023-02-06T16:22:05+00:00\",\"breadcrumb\":{\"@id\":\"https:\/\/www.santuarideterrades.cat\/fr\/activites\/#breadcrumb\"},\"inLanguage\":\"fr-FR\",\"potentialAction\":[{\"@type\":\"ReadAction\",\"target\":[\"https:\/\/www.santuarideterrades.cat\/fr\/activites\/\"]}]},{\"@type\":\"ImageObject\",\"inLanguage\":\"fr-FR\",\"@id\":\"https:\/\/www.santuarideterrades.cat\/fr\/activites\/#primaryimage\",\"url\":\"https:\/\/www.santuarideterrades.cat\/wp-content\/uploads\/2022\/08\/girl-taking-photo-of-her-friends-group-of-young-friends-hiking-through-forest-travel-hiking-adventure-concept-1.jpg\",\"contentUrl\":\"https:\/\/www.santuarideterrades.cat\/wp-content\/uploads\/2022\/08\/girl-taking-photo-of-her-friends-group-of-young-friends-hiking-through-forest-travel-hiking-adventure-concept-1.jpg\",\"width\":1498,\"height\":998,\"caption\":\"Girl taking a photo of her friends. Group of young friends hiking through forest. Travel, hiking, adventure concept.\"},{\"@type\":\"BreadcrumbList\",\"@id\":\"https:\/\/www.santuarideterrades.cat\/fr\/activites\/#breadcrumb\",\"itemListElement\":[{\"@type\":\"ListItem\",\"position\":1,\"name\":\"Inici\",\"item\":\"https:\/\/www.santuarideterrades.cat\/\"},{\"@type\":\"ListItem\",\"position\":2,\"name\":\"Activit\u00e9s\"}]},{\"@type\":\"WebSite\",\"@id\":\"https:\/\/www.santuarideterrades.cat\/#website\",\"url\":\"https:\/\/www.santuarideterrades.cat\/\",\"name\":\"Santuari de Terrades\",\"description\":\"Santuari de la Mare de D\u00e9u  de la Salut\",\"publisher\":{\"@id\":\"https:\/\/www.santuarideterrades.cat\/#organization\"},\"potentialAction\":[{\"@type\":\"SearchAction\",\"target\":{\"@type\":\"EntryPoint\",\"urlTemplate\":\"https:\/\/www.santuarideterrades.cat\/?s={search_term_string}\"},\"query-input\":{\"@type\":\"PropertyValueSpecification\",\"valueRequired\":true,\"valueName\":\"search_term_string\"}}],\"inLanguage\":\"fr-FR\"},{\"@type\":\"Organization\",\"@id\":\"https:\/\/www.santuarideterrades.cat\/#organization\",\"name\":\"Restaurant i Hostatgeria del Santuari de la Salut de Terrades\",\"url\":\"https:\/\/www.santuarideterrades.cat\/\",\"logo\":{\"@type\":\"ImageObject\",\"inLanguage\":\"fr-FR\",\"@id\":\"https:\/\/www.santuarideterrades.cat\/#\/schema\/logo\/image\/\",\"url\":\"https:\/\/www.santuarideterrades.cat\/wp-content\/uploads\/2022\/08\/LOGO-LA-SALUT-DE-TERRADES-fosc.png\",\"contentUrl\":\"https:\/\/www.santuarideterrades.cat\/wp-content\/uploads\/2022\/08\/LOGO-LA-SALUT-DE-TERRADES-fosc.png\",\"width\":2000,\"height\":826,\"caption\":\"Restaurant i Hostatgeria del Santuari de la Salut de Terrades\"},\"image\":{\"@id\":\"https:\/\/www.santuarideterrades.cat\/#\/schema\/logo\/image\/\"}}]}<\/script>\n<!-- \/ Yoast SEO plugin. -->","yoast_head_json":{"title":"Activit\u00e9s - Santuari de Terrades","robots":{"index":"index","follow":"follow","max-snippet":"max-snippet:-1","max-image-preview":"max-image-preview:large","max-video-preview":"max-video-preview:-1"},"canonical":"https:\/\/www.santuarideterrades.cat\/fr\/activites\/","og_locale":"fr_FR","og_type":"article","og_title":"Activit\u00e9s - Santuari de Terrades","og_description":"[vc_row][vc_column offset=\u00a0\u00bbvc_col-lg-offset-2 vc_col-lg-8 vc_col-md-offset-2 vc_col-md-8&Prime;][fleurdesel_heading title_size=\u00a0\u00bbDefault\u00a0\u00bb align=\u00a0\u00bbcenter\u00a0\u00bb title=\u00a0\u00bbMoments inoubliables\u00a0\u00bb subtitle=\u00a0\u00bbACTIVIT\u00c9S\u00a0\u00bb css=\u00a0\u00bb.vc_custom_1675700459101{margin-bottom: 40px !important;padding-top: 100px !important;}\u00a0\u00bb][vc_column_text css=\u00a0\u00bb.vc_custom_1675700214271{margin-bottom: 90px !important;padding-right: 30px !important;padding-left: 30px !important;}\u00a0\u00bb]\u00c0 partir du sanctuaire de la Salut vous pourrez d\u00e9couvrir et visiter l&rsquo;environnement pour jouir des vues en y faisant de la randonn\u00e9e, du trekking, des excursions avec un \u00e2ne, des parcours \u00e0 v\u00e9lo [&hellip;]","og_url":"https:\/\/www.santuarideterrades.cat\/fr\/activites\/","og_site_name":"Santuari de Terrades","article_modified_time":"2023-02-06T16:22:05+00:00","og_image":[{"width":1498,"height":998,"url":"https:\/\/www.santuarideterrades.cat\/wp-content\/uploads\/2022\/08\/girl-taking-photo-of-her-friends-group-of-young-friends-hiking-through-forest-travel-hiking-adventure-concept-1.jpg","type":"image\/jpeg"}],"twitter_card":"summary_large_image","twitter_misc":{"Dur\u00e9e de lecture estim\u00e9e":"3 minutes"},"schema":{"@context":"https:\/\/schema.org","@graph":[{"@type":"WebPage","@id":"https:\/\/www.santuarideterrades.cat\/fr\/activites\/","url":"https:\/\/www.santuarideterrades.cat\/fr\/activites\/","name":"Activit\u00e9s - Santuari de Terrades","isPartOf":{"@id":"https:\/\/www.santuarideterrades.cat\/#website"},"primaryImageOfPage":{"@id":"https:\/\/www.santuarideterrades.cat\/fr\/activites\/#primaryimage"},"image":{"@id":"https:\/\/www.santuarideterrades.cat\/fr\/activites\/#primaryimage"},"thumbnailUrl":"https:\/\/www.santuarideterrades.cat\/wp-content\/uploads\/2022\/08\/girl-taking-photo-of-her-friends-group-of-young-friends-hiking-through-forest-travel-hiking-adventure-concept-1.jpg","datePublished":"2017-03-23T07:37:25+00:00","dateModified":"2023-02-06T16:22:05+00:00","breadcrumb":{"@id":"https:\/\/www.santuarideterrades.cat\/fr\/activites\/#breadcrumb"},"inLanguage":"fr-FR","potentialAction":[{"@type":"ReadAction","target":["https:\/\/www.santuarideterrades.cat\/fr\/activites\/"]}]},{"@type":"ImageObject","inLanguage":"fr-FR","@id":"https:\/\/www.santuarideterrades.cat\/fr\/activites\/#primaryimage","url":"https:\/\/www.santuarideterrades.cat\/wp-content\/uploads\/2022\/08\/girl-taking-photo-of-her-friends-group-of-young-friends-hiking-through-forest-travel-hiking-adventure-concept-1.jpg","contentUrl":"https:\/\/www.santuarideterrades.cat\/wp-content\/uploads\/2022\/08\/girl-taking-photo-of-her-friends-group-of-young-friends-hiking-through-forest-travel-hiking-adventure-concept-1.jpg","width":1498,"height":998,"caption":"Girl taking a photo of her friends. Group of young friends hiking through forest. Travel, hiking, adventure concept."},{"@type":"BreadcrumbList","@id":"https:\/\/www.santuarideterrades.cat\/fr\/activites\/#breadcrumb","itemListElement":[{"@type":"ListItem","position":1,"name":"Inici","item":"https:\/\/www.santuarideterrades.cat\/"},{"@type":"ListItem","position":2,"name":"Activit\u00e9s"}]},{"@type":"WebSite","@id":"https:\/\/www.santuarideterrades.cat\/#website","url":"https:\/\/www.santuarideterrades.cat\/","name":"Santuari de Terrades","description":"Santuari de la Mare de D\u00e9u  de la Salut","publisher":{"@id":"https:\/\/www.santuarideterrades.cat\/#organization"},"potentialAction":[{"@type":"SearchAction","target":{"@type":"EntryPoint","urlTemplate":"https:\/\/www.santuarideterrades.cat\/?s={search_term_string}"},"query-input":{"@type":"PropertyValueSpecification","valueRequired":true,"valueName":"search_term_string"}}],"inLanguage":"fr-FR"},{"@type":"Organization","@id":"https:\/\/www.santuarideterrades.cat\/#organization","name":"Restaurant i Hostatgeria del Santuari de la Salut de Terrades","url":"https:\/\/www.santuarideterrades.cat\/","logo":{"@type":"ImageObject","inLanguage":"fr-FR","@id":"https:\/\/www.santuarideterrades.cat\/#\/schema\/logo\/image\/","url":"https:\/\/www.santuarideterrades.cat\/wp-content\/uploads\/2022\/08\/LOGO-LA-SALUT-DE-TERRADES-fosc.png","contentUrl":"https:\/\/www.santuarideterrades.cat\/wp-content\/uploads\/2022\/08\/LOGO-LA-SALUT-DE-TERRADES-fosc.png","width":2000,"height":826,"caption":"Restaurant i Hostatgeria del Santuari de la Salut de Terrades"},"image":{"@id":"https:\/\/www.santuarideterrades.cat\/#\/schema\/logo\/image\/"}}]}},"jetpack_sharing_enabled":true,"_links":{"self":[{"href":"https:\/\/www.santuarideterrades.cat\/fr\/wp-json\/wp\/v2\/pages\/3019","targetHints":{"allow":["GET"]}}],"collection":[{"href":"https:\/\/www.santuarideterrades.cat\/fr\/wp-json\/wp\/v2\/pages"}],"about":[{"href":"https:\/\/www.santuarideterrades.cat\/fr\/wp-json\/wp\/v2\/types\/page"}],"author":[{"embeddable":true,"href":"https:\/\/www.santuarideterrades.cat\/fr\/wp-json\/wp\/v2\/users\/3"}],"replies":[{"embeddable":true,"href":"https:\/\/www.santuarideterrades.cat\/fr\/wp-json\/wp\/v2\/comments?post=3019"}],"version-history":[{"count":2,"href":"https:\/\/www.santuarideterrades.cat\/fr\/wp-json\/wp\/v2\/pages\/3019\/revisions"}],"predecessor-version":[{"id":3022,"href":"https:\/\/www.santuarideterrades.cat\/fr\/wp-json\/wp\/v2\/pages\/3019\/revisions\/3022"}],"wp:featuredmedia":[{"embeddable":true,"href":"https:\/\/www.santuarideterrades.cat\/fr\/wp-json\/wp\/v2\/media\/2412"}],"wp:attachment":[{"href":"https:\/\/www.santuarideterrades.cat\/fr\/wp-json\/wp\/v2\/media?parent=3019"}],"curies":[{"name":"wp","href":"https:\/\/api.w.org\/{rel}","templated":true}]}}