{"id":2943,"date":"2023-02-03T10:21:54","date_gmt":"2023-02-03T10:21:54","guid":{"rendered":"https:\/\/www.santuarideterrades.cat\/promociones\/"},"modified":"2025-02-27T16:39:09","modified_gmt":"2025-02-27T16:39:09","slug":"promociones","status":"publish","type":"page","link":"https:\/\/www.santuarideterrades.cat\/es\/promociones\/","title":{"rendered":"Promociones"},"content":{"rendered":"<p>[vc_row disable_element=\u00bbyes\u00bb][vc_column css=\u00bb.vc_custom_1492160685310{padding-top: 100px !important;padding-bottom: 150px !important;}\u00bb][vc_fleurdesel_posts layout=\u00bblist\u00bb][\/vc_column][\/vc_row][vc_row][vc_column][vc_empty_space height=\u00bb100px\u00bb][\/vc_column][\/vc_row][vc_row disable_element=\u00bbyes\u00bb][vc_column width=\u00bb2\/3&#8243;][fleurdesel_fullscreen_slider sliders=\u00bb%5B%7B%22image%22%3A%222628%22%7D%5D\u00bb][\/vc_column][vc_column width=\u00bb1\/3&#8243;][vc_column_text]<\/p>\n<h5><span style=\"color: #b3904b;\">Del 27 de SEPTIEMBRE al 4 de NOVIEMBRE<\/span><\/h5>\n<p>[\/vc_column_text][vc_column_text]<\/p>\n<h5><span style=\"color: #b3904b;\">De MARTES a VIERNES\u00a0<\/span><\/h5>\n<p>[\/vc_column_text][vc_empty_space][vc_column_text]NOCHE ROM\u00c1NTICA<\/p>\n<p>Disfrut\u00e1is de una noche rom\u00e1ntica con vuestra pareja, en una habitaci\u00f3n doble, con almorzar o media pensi\u00f3n incluida.[\/vc_column_text][vc_empty_space][vc_column_text]<\/p>\n<h6><span style=\"color: #808080;\"><a href=\"https:\/\/www.santuarideterrades.cat\/nit-romantica\/\">m\u00e1s detalles <\/a><\/span><span style=\"color: #808080;\">\u2192<\/span><\/h6>\n<h6><\/h6>\n<p>[\/vc_column_text][\/vc_column][\/vc_row][vc_row disable_element=\u00bbyes\u00bb][vc_column width=\u00bb2\/3&#8243;][fleurdesel_fullscreen_slider sliders=\u00bb%5B%7B%22image%22%3A%222616%22%7D%5D\u00bb][\/vc_column][vc_column width=\u00bb1\/3&#8243;][vc_column_text]<\/p>\n<h5><span style=\"color: #b3904b;\">Del 1 al 31 de OCTUBRE<\/span><\/h5>\n<p>[\/vc_column_text][vc_empty_space][vc_column_text]<\/p>\n<h2>10% DESCUENTO<\/h2>\n<p>Aprovecha esta oferta de \u00faltima hora y disfruta de un m\u00ednimo de dos noches con un 10% de descuento[\/vc_column_text][vc_empty_space][vc_column_text]<\/p>\n<h6><span style=\"color: #808080;\"><a href=\"https:\/\/www.santuarideterrades.cat\/oferta-distancia-llarga\/\">m\u00e1s detalles<\/a> \u2192<\/span><\/h6>\n<p>[\/vc_column_text][\/vc_column][\/vc_row][vc_row][vc_column][vc_empty_space height=\u00bb100px\u00bb][\/vc_column][\/vc_row][vc_row][vc_column width=\u00bb2\/3&#8243;][fleurdesel_fullscreen_slider sliders=\u00bb%5B%7B%22image%22%3A%222274%22%7D%5D\u00bb][\/vc_column][vc_column width=\u00bb1\/3&#8243;][vc_column_text]<\/p>\n<h5><span style=\"color: #b3904b;\">Disfruta de 4 noches por el precio de 3<\/span><\/h5>\n<p>[\/vc_column_text][vc_empty_space][vc_column_text]<\/p>\n<h2>ESCAPADA 3&#215;4<\/h2>\n<ul>\n<li>V\u00e1lida desde el 11\/04\/25 al 07\/01\/26, ambas fechas incluidas<\/li>\n<li>Fechas excluidas de la promoci\u00f3n: 23\/06-30\/09\/23<\/li>\n<li>No acumulable con otras ofertas en vigor.<\/li>\n<\/ul>\n<p>[\/vc_column_text][vc_empty_space][vc_column_text]<\/p>\n<h6><span style=\"color: #808080;\"><a href=\"https:\/\/www.santuarideterrades.cat\/es\/escapada-3x4\/\">m\u00e1s detalles<\/a> \u2192<\/span><\/h6>\n<p>[\/vc_column_text][\/vc_column][\/vc_row][vc_row disable_element=\u00bbyes\u00bb][vc_column width=\u00bb2\/3&#8243;][fleurdesel_fullscreen_slider sliders=\u00bb%5B%7B%22image%22%3A%222645%22%7D%5D\u00bb css=\u00bb.vc_custom_1664565885984{background-image: url(https:\/\/www&#46;sa&#110;&#116;&#117;&#97;&#114;&#105;&#100;&#101;&#116;&#101;&#x72;&#x72;&#x61;&#x64;&#x65;&#x73;&#x2e;&#x63;&#x61;&#x74;&#x2f;&#x77;&#x70;&#x2d;&#x63;ontent\/u&#112;&#108;&#111;&#97;&#100;&#115;&#47;&#50;&#48;&#50;&#x32;&#x2f;&#x30;&#x39;&#x2f;&#x44;&#x43;&#x5f;&#x30;&#x36;&#x30;&#x36;&#x31;&#x31;&#x44;SC00306-&#48;&#48;&#48;&#49;&#95;&#64;&#68;&#97;&#110;&#105;&#83;&#x70;&#x65;&#x65;&#x64;&#x79;&#x63;&#x6f;&#x2d;&#x73;&#x63;&#x61;&#x6c;&#x65;&#x64;&#x2e;jpg?id=2645) !important;}\u00bb][\/vc_column][vc_column width=\u00bb1\/3&#8243;][vc_column_text]<\/p>\n<h5><span style=\"color: #b3904b;\">Hasta el 7 de ENERO del 2024<\/span><\/h5>\n<p>[\/vc_column_text][vc_empty_space][vc_column_text]<\/p>\n<h2>ESCAPADA AMB MASCOTA<\/h2>\n<p>No et separis de la teva mascota durant la teva escapada. A Santuari de la Salut som Pet Friendly, gaudeix de la teva mascota i no paguis la seva estan\u00e7a.[\/vc_column_text][vc_empty_space][vc_column_text]<\/p>\n<h6><span style=\"color: #808080;\"><a href=\"https:\/\/www.santuarideterrades.cat\/?page_id=1722\">m\u00e9s detalls<\/a> \u2192<\/span><\/h6>\n<p>[\/vc_column_text][\/vc_column][\/vc_row][vc_row][vc_column][vc_empty_space height=\u00bb100px\u00bb][\/vc_column][\/vc_row][vc_row][vc_column width=\u00bb2\/3&#8243;][fleurdesel_fullscreen_slider sliders=\u00bb%5B%7B%22image%22%3A%222624%22%7D%5D\u00bb][\/vc_column][vc_column width=\u00bb1\/3&#8243;][vc_column_text]<\/p>\n<h5><span style=\"color: #b3904b;\">Reserva con nosotros y obtenga un descuento del 5%\u00a0<\/span><\/h5>\n<p>[\/vc_column_text][vc_empty_space][vc_column_text]<\/p>\n<h2>OFERTA WEB OFICIAL<\/h2>\n<p>\u2022 V\u00e1lida desde el 31\/03\/25 al 01\/01\/26, ambas fechas incluidas<br \/>\n\u2022 No acumulable con otras ofertas en vigo[\/vc_column_text][vc_empty_space][vc_column_text]<\/p>\n<h6><span style=\"color: #808080;\"><a href=\"https:\/\/www.santuarideterrades.cat\/es\/oferta-web-oficial\/ \u200e\">m\u00e1s detalles<\/a> \u2192<\/span><\/h6>\n<p>[\/vc_column_text][\/vc_column][\/vc_row][vc_row][vc_column][vc_empty_space height=\u00bb100px\u00bb][\/vc_column][\/vc_row][vc_row][vc_column width=\u00bb2\/3&#8243;][fleurdesel_fullscreen_slider sliders=\u00bb%5B%7B%22image%22%3A%222619%22%7D%2C%7B%7D%5D\u00bb][\/vc_column][vc_column width=\u00bb1\/3&#8243;][vc_column_text]<\/p>\n<h5><span style=\"color: #b3904b;\">\u00a1Estancia larga con un 25% de descuento!<\/span><\/h5>\n<p>[\/vc_column_text][vc_empty_space][vc_column_text]<\/p>\n<h2>\u00a1ES UNA GANGA!<\/h2>\n<p>\u2022 V\u00e1lida desde el 11\/04\/25 al 31\/05\/26, ambas fechas incluidas<br \/>\n\u2022 No acumulable con otras ofertas en vigor[\/vc_column_text][vc_empty_space][vc_column_text]<\/p>\n<h6><span style=\"color: #808080;\"><a href=\"https:\/\/www.santuarideterrades.cat\/es\/oferta-distancia-larga\/\">m\u00e1s detalles<\/a> \u2192<\/span><\/h6>\n<p>[\/vc_column_text][\/vc_column][\/vc_row][vc_row][vc_column][vc_empty_space][vc_empty_space][\/vc_column][\/vc_row]<\/p>\n","protected":false},"excerpt":{"rendered":"<p>[vc_row disable_element=\u00bbyes\u00bb][vc_column css=\u00bb.vc_custom_1492160685310{padding-top: 100px !important;padding-bottom: 150px !important;}\u00bb][vc_fleurdesel_posts layout=\u00bblist\u00bb][\/vc_column][\/vc_row][vc_row][vc_column][vc_empty_space height=\u00bb100px\u00bb][\/vc_column][\/vc_row][vc_row disable_element=\u00bbyes\u00bb][vc_column width=\u00bb2\/3&#8243;][fleurdesel_fullscreen_slider sliders=\u00bb%5B%7B%22image%22%3A%222628%22%7D%5D\u00bb][\/vc_column][vc_column width=\u00bb1\/3&#8243;][vc_column_text] Del 27 de SEPTIEMBRE al 4 de NOVIEMBRE [\/vc_column_text][vc_column_text] De MARTES a VIERNES\u00a0 [\/vc_column_text][vc_empty_space][vc_column_text]NOCHE ROM\u00c1NTICA Disfrut\u00e1is de una noche rom\u00e1ntica con vuestra pareja, en una habitaci\u00f3n doble, con almorzar o media pensi\u00f3n incluida.[\/vc_column_text][vc_empty_space][vc_column_text] m\u00e1s detalles \u2192 [\/vc_column_text][\/vc_column][\/vc_row][vc_row disable_element=\u00bbyes\u00bb][vc_column width=\u00bb2\/3&#8243;][fleurdesel_fullscreen_slider sliders=\u00bb%5B%7B%22image%22%3A%222616%22%7D%5D\u00bb][\/vc_column][vc_column width=\u00bb1\/3&#8243;][vc_column_text] Del [&hellip;]<\/p>\n","protected":false},"author":3,"featured_media":0,"parent":0,"menu_order":0,"comment_status":"closed","ping_status":"closed","template":"templates\/page-builder.php","meta":{"footnotes":""},"class_list":["post-2943","page","type-page","status-publish","hentry"],"yoast_head":"<!-- This site is optimized with the Yoast SEO plugin v24.6 - https:\/\/yoast.com\/wordpress\/plugins\/seo\/ -->\n<title>Promociones - Santuari de Terrades<\/title>\n<meta name=\"robots\" content=\"index, follow, max-snippet:-1, max-image-preview:large, max-video-preview:-1\" \/>\n<link rel=\"canonical\" href=\"https:\/\/www.santuarideterrades.cat\/promocions-2\/\" \/>\n<meta property=\"og:locale\" content=\"es_ES\" \/>\n<meta property=\"og:type\" content=\"article\" \/>\n<meta property=\"og:title\" content=\"Promociones - Santuari de Terrades\" \/>\n<meta property=\"og:description\" content=\"[vc_row disable_element=\u00bbyes\u00bb][vc_column css=\u00bb.vc_custom_1492160685310{padding-top: 100px !important;padding-bottom: 150px !important;}\u00bb][vc_fleurdesel_posts layout=\u00bblist\u00bb][\/vc_column][\/vc_row][vc_row][vc_column][vc_empty_space height=\u00bb100px\u00bb][\/vc_column][\/vc_row][vc_row disable_element=\u00bbyes\u00bb][vc_column width=\u00bb2\/3&#8243;][fleurdesel_fullscreen_slider sliders=\u00bb%5B%7B%22image%22%3A%222628%22%7D%5D\u00bb][\/vc_column][vc_column width=\u00bb1\/3&#8243;][vc_column_text] Del 27 de SEPTIEMBRE al 4 de NOVIEMBRE [\/vc_column_text][vc_column_text] De MARTES a VIERNES\u00a0 [\/vc_column_text][vc_empty_space][vc_column_text]NOCHE ROM\u00c1NTICA Disfrut\u00e1is de una noche rom\u00e1ntica con vuestra pareja, en una habitaci\u00f3n doble, con almorzar o media pensi\u00f3n incluida.[\/vc_column_text][vc_empty_space][vc_column_text] m\u00e1s detalles \u2192 [\/vc_column_text][\/vc_column][\/vc_row][vc_row disable_element=\u00bbyes\u00bb][vc_column width=\u00bb2\/3&#8243;][fleurdesel_fullscreen_slider sliders=\u00bb%5B%7B%22image%22%3A%222616%22%7D%5D\u00bb][\/vc_column][vc_column width=\u00bb1\/3&#8243;][vc_column_text] Del [&hellip;]\" \/>\n<meta property=\"og:url\" content=\"https:\/\/www.santuarideterrades.cat\/promocions-2\/\" \/>\n<meta property=\"og:site_name\" content=\"Santuari de Terrades\" \/>\n<meta property=\"article:modified_time\" content=\"2025-02-27T16:39:09+00:00\" \/>\n<meta name=\"twitter:card\" content=\"summary_large_image\" \/>\n<meta name=\"twitter:label1\" content=\"Tiempo de lectura\" \/>\n\t<meta name=\"twitter:data1\" content=\"2 minutos\" \/>\n<script type=\"application\/ld+json\" class=\"yoast-schema-graph\">{\"@context\":\"https:\/\/schema.org\",\"@graph\":[{\"@type\":\"WebPage\",\"@id\":\"https:\/\/www.santuarideterrades.cat\/promocions-2\/\",\"url\":\"https:\/\/www.santuarideterrades.cat\/promocions-2\/\",\"name\":\"Promociones - Santuari de Terrades\",\"isPartOf\":{\"@id\":\"https:\/\/www.santuarideterrades.cat\/#website\"},\"datePublished\":\"2023-02-03T10:21:54+00:00\",\"dateModified\":\"2025-02-27T16:39:09+00:00\",\"breadcrumb\":{\"@id\":\"https:\/\/www.santuarideterrades.cat\/promocions-2\/#breadcrumb\"},\"inLanguage\":\"es\",\"potentialAction\":[{\"@type\":\"ReadAction\",\"target\":[\"https:\/\/www.santuarideterrades.cat\/promocions-2\/\"]}]},{\"@type\":\"BreadcrumbList\",\"@id\":\"https:\/\/www.santuarideterrades.cat\/promocions-2\/#breadcrumb\",\"itemListElement\":[{\"@type\":\"ListItem\",\"position\":1,\"name\":\"Inici\",\"item\":\"https:\/\/www.santuarideterrades.cat\/\"},{\"@type\":\"ListItem\",\"position\":2,\"name\":\"Promociones\"}]},{\"@type\":\"WebSite\",\"@id\":\"https:\/\/www.santuarideterrades.cat\/#website\",\"url\":\"https:\/\/www.santuarideterrades.cat\/\",\"name\":\"Santuari de Terrades\",\"description\":\"Santuari de la Mare de D\u00e9u  de la Salut\",\"publisher\":{\"@id\":\"https:\/\/www.santuarideterrades.cat\/#organization\"},\"potentialAction\":[{\"@type\":\"SearchAction\",\"target\":{\"@type\":\"EntryPoint\",\"urlTemplate\":\"https:\/\/www.santuarideterrades.cat\/?s={search_term_string}\"},\"query-input\":{\"@type\":\"PropertyValueSpecification\",\"valueRequired\":true,\"valueName\":\"search_term_string\"}}],\"inLanguage\":\"es\"},{\"@type\":\"Organization\",\"@id\":\"https:\/\/www.santuarideterrades.cat\/#organization\",\"name\":\"Restaurant i Hostatgeria del Santuari de la Salut de Terrades\",\"url\":\"https:\/\/www.santuarideterrades.cat\/\",\"logo\":{\"@type\":\"ImageObject\",\"inLanguage\":\"es\",\"@id\":\"https:\/\/www.santuarideterrades.cat\/#\/schema\/logo\/image\/\",\"url\":\"https:\/\/www.santuarideterrades.cat\/wp-content\/uploads\/2022\/08\/LOGO-LA-SALUT-DE-TERRADES-fosc.png\",\"contentUrl\":\"https:\/\/www.santuarideterrades.cat\/wp-content\/uploads\/2022\/08\/LOGO-LA-SALUT-DE-TERRADES-fosc.png\",\"width\":2000,\"height\":826,\"caption\":\"Restaurant i Hostatgeria del Santuari de la Salut de Terrades\"},\"image\":{\"@id\":\"https:\/\/www.santuarideterrades.cat\/#\/schema\/logo\/image\/\"}}]}<\/script>\n<!-- \/ Yoast SEO plugin. -->","yoast_head_json":{"title":"Promociones - Santuari de Terrades","robots":{"index":"index","follow":"follow","max-snippet":"max-snippet:-1","max-image-preview":"max-image-preview:large","max-video-preview":"max-video-preview:-1"},"canonical":"https:\/\/www.santuarideterrades.cat\/promocions-2\/","og_locale":"es_ES","og_type":"article","og_title":"Promociones - Santuari de Terrades","og_description":"[vc_row disable_element=\u00bbyes\u00bb][vc_column css=\u00bb.vc_custom_1492160685310{padding-top: 100px !important;padding-bottom: 150px !important;}\u00bb][vc_fleurdesel_posts layout=\u00bblist\u00bb][\/vc_column][\/vc_row][vc_row][vc_column][vc_empty_space height=\u00bb100px\u00bb][\/vc_column][\/vc_row][vc_row disable_element=\u00bbyes\u00bb][vc_column width=\u00bb2\/3&#8243;][fleurdesel_fullscreen_slider sliders=\u00bb%5B%7B%22image%22%3A%222628%22%7D%5D\u00bb][\/vc_column][vc_column width=\u00bb1\/3&#8243;][vc_column_text] Del 27 de SEPTIEMBRE al 4 de NOVIEMBRE [\/vc_column_text][vc_column_text] De MARTES a VIERNES\u00a0 [\/vc_column_text][vc_empty_space][vc_column_text]NOCHE ROM\u00c1NTICA Disfrut\u00e1is de una noche rom\u00e1ntica con vuestra pareja, en una habitaci\u00f3n doble, con almorzar o media pensi\u00f3n incluida.[\/vc_column_text][vc_empty_space][vc_column_text] m\u00e1s detalles \u2192 [\/vc_column_text][\/vc_column][\/vc_row][vc_row disable_element=\u00bbyes\u00bb][vc_column width=\u00bb2\/3&#8243;][fleurdesel_fullscreen_slider sliders=\u00bb%5B%7B%22image%22%3A%222616%22%7D%5D\u00bb][\/vc_column][vc_column width=\u00bb1\/3&#8243;][vc_column_text] Del [&hellip;]","og_url":"https:\/\/www.santuarideterrades.cat\/promocions-2\/","og_site_name":"Santuari de Terrades","article_modified_time":"2025-02-27T16:39:09+00:00","twitter_card":"summary_large_image","twitter_misc":{"Tiempo de lectura":"2 minutos"},"schema":{"@context":"https:\/\/schema.org","@graph":[{"@type":"WebPage","@id":"https:\/\/www.santuarideterrades.cat\/promocions-2\/","url":"https:\/\/www.santuarideterrades.cat\/promocions-2\/","name":"Promociones - Santuari de Terrades","isPartOf":{"@id":"https:\/\/www.santuarideterrades.cat\/#website"},"datePublished":"2023-02-03T10:21:54+00:00","dateModified":"2025-02-27T16:39:09+00:00","breadcrumb":{"@id":"https:\/\/www.santuarideterrades.cat\/promocions-2\/#breadcrumb"},"inLanguage":"es","potentialAction":[{"@type":"ReadAction","target":["https:\/\/www.santuarideterrades.cat\/promocions-2\/"]}]},{"@type":"BreadcrumbList","@id":"https:\/\/www.santuarideterrades.cat\/promocions-2\/#breadcrumb","itemListElement":[{"@type":"ListItem","position":1,"name":"Inici","item":"https:\/\/www.santuarideterrades.cat\/"},{"@type":"ListItem","position":2,"name":"Promociones"}]},{"@type":"WebSite","@id":"https:\/\/www.santuarideterrades.cat\/#website","url":"https:\/\/www.santuarideterrades.cat\/","name":"Santuari de Terrades","description":"Santuari de la Mare de D\u00e9u  de la Salut","publisher":{"@id":"https:\/\/www.santuarideterrades.cat\/#organization"},"potentialAction":[{"@type":"SearchAction","target":{"@type":"EntryPoint","urlTemplate":"https:\/\/www.santuarideterrades.cat\/?s={search_term_string}"},"query-input":{"@type":"PropertyValueSpecification","valueRequired":true,"valueName":"search_term_string"}}],"inLanguage":"es"},{"@type":"Organization","@id":"https:\/\/www.santuarideterrades.cat\/#organization","name":"Restaurant i Hostatgeria del Santuari de la Salut de Terrades","url":"https:\/\/www.santuarideterrades.cat\/","logo":{"@type":"ImageObject","inLanguage":"es","@id":"https:\/\/www.santuarideterrades.cat\/#\/schema\/logo\/image\/","url":"https:\/\/www.santuarideterrades.cat\/wp-content\/uploads\/2022\/08\/LOGO-LA-SALUT-DE-TERRADES-fosc.png","contentUrl":"https:\/\/www.santuarideterrades.cat\/wp-content\/uploads\/2022\/08\/LOGO-LA-SALUT-DE-TERRADES-fosc.png","width":2000,"height":826,"caption":"Restaurant i Hostatgeria del Santuari de la Salut de Terrades"},"image":{"@id":"https:\/\/www.santuarideterrades.cat\/#\/schema\/logo\/image\/"}}]}},"jetpack_sharing_enabled":true,"_links":{"self":[{"href":"https:\/\/www.santuarideterrades.cat\/es\/wp-json\/wp\/v2\/pages\/2943","targetHints":{"allow":["GET"]}}],"collection":[{"href":"https:\/\/www.santuarideterrades.cat\/es\/wp-json\/wp\/v2\/pages"}],"about":[{"href":"https:\/\/www.santuarideterrades.cat\/es\/wp-json\/wp\/v2\/types\/page"}],"author":[{"embeddable":true,"href":"https:\/\/www.santuarideterrades.cat\/es\/wp-json\/wp\/v2\/users\/3"}],"replies":[{"embeddable":true,"href":"https:\/\/www.santuarideterrades.cat\/es\/wp-json\/wp\/v2\/comments?post=2943"}],"version-history":[{"count":8,"href":"https:\/\/www.santuarideterrades.cat\/es\/wp-json\/wp\/v2\/pages\/2943\/revisions"}],"predecessor-version":[{"id":3092,"href":"https:\/\/www.santuarideterrades.cat\/es\/wp-json\/wp\/v2\/pages\/2943\/revisions\/3092"}],"wp:attachment":[{"href":"https:\/\/www.santuarideterrades.cat\/es\/wp-json\/wp\/v2\/media?parent=2943"}],"curies":[{"name":"wp","href":"https:\/\/api.w.org\/{rel}","templated":true}]}}