{"id":2918,"date":"2023-01-27T13:26:27","date_gmt":"2023-01-27T13:26:27","guid":{"rendered":"https:\/\/www.santuarideterrades.cat\/actividades\/"},"modified":"2025-02-27T16:36:00","modified_gmt":"2025-02-27T16:36:00","slug":"actividades","status":"publish","type":"page","link":"https:\/\/www.santuarideterrades.cat\/es\/actividades\/","title":{"rendered":"Actividades"},"content":{"rendered":"<p>[vc_row][vc_column offset=\u00bbvc_col-lg-offset-2 vc_col-lg-8 vc_col-md-offset-2 vc_col-md-8&#8243;][fleurdesel_heading title_size=\u00bbDefault\u00bb align=\u00bbcenter\u00bb title=\u00bbMomentos para recordar\u00bb subtitle=\u00bbACTIVIDADES\u00bb css=\u00bb.vc_custom_1674826268035{margin-bottom: 40px !important;padding-top: 100px !important;}\u00bb][vc_column_text css=\u00bb.vc_custom_1740674139604{margin-bottom: 90px !important;padding-right: 30px !important;padding-left: 30px !important;}\u00bb]Desde el santuario de la Salud podr\u00e1 descubrir y visitar el entorno para disfrutar de las vistas haciendo senderismo, treking, excursiones en burro, excursi\u00f3n en kayak al pantano, rutas en bicicleta o lanzarse en paraca\u00eddas a Empuriabrava.<\/p>\n<p>Ofrecemos un abanico de propuestas para poder hacer en la zona, tanto si est\u00e1 en familia, en pareja o con amigos.[\/vc_column_text][\/vc_column][\/vc_row][vc_row css=\u00bb.vc_custom_1491215321364{margin-bottom: 50px !important;}\u00bb][vc_column][vc_single_image image=\u00bb989&#8243; img_size=\u00bbfull\u00bb alignment=\u00bbcenter\u00bb][\/vc_column][\/vc_row][vc_row css=\u00bb.vc_custom_1491215365578{margin-bottom: 140px !important;}\u00bb][vc_column offset=\u00bbvc_col-lg-offset-1 vc_col-lg-10 vc_col-md-offset-1 vc_col-md-10&#8243;][vc_column_text]<\/p>\n<p style=\"text-align: center;\">Algo viejo, algo nuevo, algo maravilloso, algo\u2026 inolvidable. Podr\u00e1 disfrutar de visitas guiadas, excursiones en bicicleta, rutas preciosas, salidas culturales.<\/p>\n<p>[\/vc_column_text][\/vc_column][\/vc_row][vc_section css=\u00bb.vc_custom_1491293765601{padding-bottom: 120px !important;}\u00bb][vc_row content_placement=\u00bbmiddle\u00bb][vc_column offset=\u00bbvc_col-lg-6 vc_col-md-6&#8243; el_class=\u00bbpr-md-0&#8243;][vc_single_image image=\u00bb988&#8243; img_size=\u00bbfull\u00bb alignment=\u00bbcenter\u00bb el_class=\u00bbpr-md-0&#8243;][\/vc_column][vc_column offset=\u00bbvc_col-lg-6 vc_col-md-6&#8243;][vc_column_text css=\u00bb.vc_custom_1740674105358{padding-top: 30px !important;padding-right: 65px !important;padding-bottom: 30px !important;padding-left: 65px !important;}\u00bb]<\/p>\n<h3 style=\"text-align: center;\"><strong>Rutas de Senderismo y Treking<\/strong><\/h3>\n<p style=\"text-align: center;\">Desde el Santuario puede realizar numerosos paseos, senderismo o treking (para grupos disponemos de gu\u00eda), excursiones en burro, excursi\u00f3n en ka\u00edak al pantano, rutas en bicicleta o lanzarse en paraca\u00eddas a Empuriabrava.<\/p>\n<p>[\/vc_column_text][\/vc_column][\/vc_row][vc_row content_placement=\u00bbmiddle\u00bb][vc_column offset=\u00bbvc_col-lg-6 vc_col-md-6&#8243; el_class=\u00bbpush-lg-6 pl-md-0&#8243;][vc_single_image image=\u00bb2418&#8243; img_size=\u00bbfull\u00bb alignment=\u00bbcenter\u00bb][\/vc_column][vc_column offset=\u00bbvc_col-lg-6 vc_col-md-6&#8243; el_class=\u00bbpull-lg-6&#8243;][vc_column_text css=\u00bb.vc_custom_1674826368392{padding-top: 30px !important;padding-right: 65px !important;padding-bottom: 30px !important;padding-left: 65px !important;}\u00bb]<\/p>\n<h3 style=\"text-align: center;\">Observatorio Astron\u00f3mico<\/h3>\n<p style=\"text-align: center;\">Disfrute de una experiencia incre\u00edble contemplando las estrellas y nuestro sistema. El observatorio de Albany\u00e0 se encuentra a menos de 15 km del Santuario. Podr\u00e1 elegir entre las diferentes propuestas que este espacio le ofrece bajo la luz de las estrellas.<\/p>\n<p>[\/vc_column_text][\/vc_column][\/vc_row][vc_row content_placement=\u00bbmiddle\u00bb][vc_column offset=\u00bbvc_col-lg-6 vc_col-md-6&#8243; el_class=\u00bbpr-md-0&#8243;][vc_single_image image=\u00bb2396&#8243; img_size=\u00bbfull\u00bb alignment=\u00bbcenter\u00bb][\/vc_column][vc_column offset=\u00bbvc_col-lg-6 vc_col-md-6&#8243;][vc_column_text css=\u00bb.vc_custom_1674826382096{padding-top: 30px !important;padding-right: 65px !important;padding-bottom: 30px !important;padding-left: 65px !important;}\u00bb]<\/p>\n<h3 style=\"text-align: center;\">Museo Dal\u00ed<\/h3>\n<p style=\"text-align: center;\">A tan s\u00f3lo 15 km del Santuario de la Salud, podr\u00e1 visitar el Museo Dal\u00ed de Figueres. Contemple todas las obras de arte del genio ampurdan\u00e9s en esta visita cultural, la experiencia no le dejar\u00e1 indiferentes.<\/p>\n<p>[\/vc_column_text][\/vc_column][\/vc_row][vc_row content_placement=\u00bbmiddle\u00bb][vc_column offset=\u00bbvc_col-lg-6 vc_col-md-6&#8243; el_class=\u00bbpush-lg-6 pl-md-0&#8243;][vc_single_image image=\u00bb2401&#8243; img_size=\u00bbfull\u00bb alignment=\u00bbcenter\u00bb][\/vc_column][vc_column offset=\u00bbvc_col-lg-6 vc_col-md-6&#8243; el_class=\u00bbpull-lg-6&#8243;][vc_column_text css=\u00bb.vc_custom_1674826395694{padding-top: 30px !important;padding-right: 65px !important;padding-bottom: 30px !important;padding-left: 65px !important;}\u00bb]<\/p>\n<h3 style=\"text-align: center;\">Playas<\/h3>\n<p style=\"text-align: center;\">Si eres de playa y de monta\u00f1a, a tan solo 40 minutos del Santuario podr\u00e1 disfrutar de las calas y playas que ofrece el Empord\u00e0. Descubra rincones de mar, rocas y arena a pocos kil\u00f3metros.<\/p>\n<p>[\/vc_column_text][\/vc_column][\/vc_row][\/vc_section][vc_row disable_element=\u00bbyes\u00bb css=\u00bb.vc_custom_1660211156227{padding-bottom: 130px !important;}\u00bb][vc_column css=\u00bb.vc_custom_1500284808200{padding-top: 0px !important;padding-right: 0px !important;padding-bottom: 0px !important;padding-left: 0px !important;background-image: url(https:\/\/www.santuarideterrades.cat\/wp-content\/uploads\/2017\/03\/pattern-bg.jpg?id=1237) !important;background-position: 0 0 !important;background-repeat: repeat !important;}\u00bb]<p class=\"wpcf7-contact-form-not-found\"><strong>Error:<\/strong> Formulario de contacto no encontrado.<\/p>[\/vc_column][\/vc_row][vc_section css=\u00bb.vc_custom_1491294868446{padding-bottom: 120px !important;}\u00bb][vc_row disable_element=\u00bbyes\u00bb css=\u00bb.vc_custom_1660211166794{padding-bottom: 100px !important;}\u00bb][vc_column offset=\u00bbvc_col-lg-offset-2 vc_col-lg-8 vc_col-md-offset-2 vc_col-md-8&#8243;][fleurdesel_heading title_size=\u00bbDefault\u00bb align=\u00bbcenter\u00bb title=\u00bbMembership\u00bb subtitle=\u00bbOUR GOLF PACKAGE\u00bb][\/vc_column][\/vc_row][vc_row disable_element=\u00bbyes\u00bb][vc_column offset=\u00bbvc_col-lg-4 vc_col-md-4&#8243;][fleurdesel_pricing_table price=\u00bb$3.400&#8243; price_unit=\u00bb\/PACKAGE\u00bb features=\u00bb%5B%7B%22text%22%3A%22%3Cb%3E100%3C%2Fb%3E%20%20Golf%20Course%20Variet%22%7D%2C%7B%22text%22%3A%22Monthly%20Great%20Events%22%7D%2C%7B%22text%22%3A%22%3Cb%3E4%20Types%3C%2Fb%3E%20Golf%20Course%20Variet%22%7D%2C%7B%22text%22%3A%22Speedy%20pace%20of%20play%22%7D%2C%7B%22text%22%3A%22Great%20golf%20events%22%7D%2C%7B%22text%22%3A%22Speedy%20pace%20of%20play%22%7D%2C%7B%22text%22%3A%22%3Cb%3E90%3C%2Fb%3E%20Speedy%20pace%20of%20play%22%7D%5D\u00bb title=\u00bbJunior Golf\u00bb desc=\u00bbFar far away, behind the word mountains, far from the countries Carter Meadows .\u00bb button=\u00bburl:http%3A%2F%2Fdemo.awethemes.com%2Ffleurdesel%2Fpackage%2Fsurfing-package-6%2F|title:GET%20THIS%20PACKAGE||\u00bb][\/vc_column][vc_column offset=\u00bbvc_col-lg-4 vc_col-md-4&#8243;][fleurdesel_pricing_table price=\u00bb$42.000&#8243; price_unit=\u00bb\/PACKAGE\u00bb active=\u00bbtrue\u00bb features=\u00bb%5B%7B%22text%22%3A%22%3Cb%3E100%3C%2Fb%3E%20%20Golf%20Course%20Variet%22%7D%2C%7B%22text%22%3A%22Monthly%20Great%20Events%22%7D%2C%7B%22text%22%3A%22%3Cb%3E4%20Types%3C%2Fb%3E%20Golf%20Course%20Variet%22%7D%2C%7B%22text%22%3A%22Speedy%20pace%20of%20play%22%7D%2C%7B%22text%22%3A%22Great%20golf%20events%22%7D%2C%7B%22text%22%3A%22Speedy%20pace%20of%20play%22%7D%2C%7B%22text%22%3A%22%3Cb%3E90%3C%2Fb%3E%20Speedy%20pace%20of%20play%22%7D%5D\u00bb title=\u00bbSingle Golf\u00bb desc=\u00bbFar far away, behind the word mountains, far from the countries Carter Meadows .\u00bb button=\u00bburl:http%3A%2F%2Fdemo.awethemes.com%2Ffleurdesel%2Fpackage%2Fsurfing-package-5%2F|title:GET%20THIS%20PACKAGE||\u00bb][\/vc_column][vc_column offset=\u00bbvc_col-lg-4 vc_col-md-4&#8243;][fleurdesel_pricing_table price=\u00bb$45.400&#8243; price_unit=\u00bb\/PACKAGE\u00bb features=\u00bb%5B%7B%22text%22%3A%22%3Cb%3E100%3C%2Fb%3E%20%20Golf%20Course%20Variet%22%7D%2C%7B%22text%22%3A%22Monthly%20Great%20Events%22%7D%2C%7B%22text%22%3A%22%3Cb%3E4%20Types%3C%2Fb%3E%20Golf%20Course%20Variet%22%7D%2C%7B%22text%22%3A%22Speedy%20pace%20of%20play%22%7D%2C%7B%22text%22%3A%22Great%20golf%20events%22%7D%2C%7B%22text%22%3A%22Speedy%20pace%20of%20play%22%7D%2C%7B%22text%22%3A%22%3Cb%3E90%3C%2Fb%3E%20Speedy%20pace%20of%20play%22%7D%5D\u00bb title=\u00bbFamily Golf\u00bb desc=\u00bbFar far away, behind the word mountains, far from the countries Carter Meadows .\u00bb button=\u00bburl:http%3A%2F%2Fdemo.awethemes.com%2Ffleurdesel%2Fpackage%2Fsurfing-package-6%2F|title:GET%20THIS%20PACKAGE||\u00bb][\/vc_column][\/vc_row][\/vc_section][vc_row disable_element=\u00bbyes\u00bb css=\u00bb.vc_custom_1660211184570{padding-bottom: 150px !important;}\u00bb][vc_column][fleurdesel_fullscreen_slider sliders=\u00bb%5B%7B%22image%22%3A%22429%22%2C%22title%22%3A%22Mens%20Play%20Golf%20In%20Fleur%20De%20Sel%20Hotel%22%2C%22link%22%3A%22%23%22%7D%2C%7B%22image%22%3A%22400%22%2C%22title%22%3A%22Mens%20Play%20Golf%20In%20Fleur%20De%20Sel%20Hotel%22%2C%22link%22%3A%22%23%22%7D%5D\u00bb][\/vc_column][\/vc_row]<\/p>\n","protected":false},"excerpt":{"rendered":"<p>[vc_row][vc_column offset=\u00bbvc_col-lg-offset-2 vc_col-lg-8 vc_col-md-offset-2 vc_col-md-8&#8243;][fleurdesel_heading title_size=\u00bbDefault\u00bb align=\u00bbcenter\u00bb title=\u00bbMomentos para recordar\u00bb subtitle=\u00bbACTIVIDADES\u00bb css=\u00bb.vc_custom_1674826268035{margin-bottom: 40px !important;padding-top: 100px !important;}\u00bb][vc_column_text css=\u00bb.vc_custom_1740674139604{margin-bottom: 90px !important;padding-right: 30px !important;padding-left: 30px !important;}\u00bb]Desde el santuario de la Salud podr\u00e1 descubrir y visitar el entorno para disfrutar de las vistas haciendo senderismo, treking, excursiones en burro, excursi\u00f3n en kayak al pantano, rutas en bicicleta o lanzarse [&hellip;]<\/p>\n","protected":false},"author":3,"featured_media":2413,"parent":0,"menu_order":0,"comment_status":"closed","ping_status":"closed","template":"templates\/page-builder.php","meta":{"footnotes":""},"class_list":["post-2918","page","type-page","status-publish","has-post-thumbnail","hentry"],"yoast_head":"<!-- This site is optimized with the Yoast SEO plugin v24.6 - https:\/\/yoast.com\/wordpress\/plugins\/seo\/ -->\n<title>Actividades - Santuari de Terrades<\/title>\n<meta name=\"robots\" content=\"index, follow, max-snippet:-1, max-image-preview:large, max-video-preview:-1\" \/>\n<link rel=\"canonical\" href=\"https:\/\/www.santuarideterrades.cat\/activitats-2\/\" \/>\n<meta property=\"og:locale\" content=\"es_ES\" \/>\n<meta property=\"og:type\" content=\"article\" \/>\n<meta property=\"og:title\" content=\"Actividades - Santuari de Terrades\" \/>\n<meta property=\"og:description\" content=\"[vc_row][vc_column offset=\u00bbvc_col-lg-offset-2 vc_col-lg-8 vc_col-md-offset-2 vc_col-md-8&#8243;][fleurdesel_heading title_size=\u00bbDefault\u00bb align=\u00bbcenter\u00bb title=\u00bbMomentos para recordar\u00bb subtitle=\u00bbACTIVIDADES\u00bb css=\u00bb.vc_custom_1674826268035{margin-bottom: 40px !important;padding-top: 100px !important;}\u00bb][vc_column_text css=\u00bb.vc_custom_1740674139604{margin-bottom: 90px !important;padding-right: 30px !important;padding-left: 30px !important;}\u00bb]Desde el santuario de la Salud podr\u00e1 descubrir y visitar el entorno para disfrutar de las vistas haciendo senderismo, treking, excursiones en burro, excursi\u00f3n en kayak al pantano, rutas en bicicleta o lanzarse [&hellip;]\" \/>\n<meta property=\"og:url\" content=\"https:\/\/www.santuarideterrades.cat\/activitats-2\/\" \/>\n<meta property=\"og:site_name\" content=\"Santuari de Terrades\" \/>\n<meta property=\"article:modified_time\" content=\"2025-02-27T16:36:00+00:00\" \/>\n<meta property=\"og:image\" content=\"https:\/\/www.santuarideterrades.cat\/wp-content\/uploads\/2022\/08\/girl-taking-photo-of-her-friends-group-of-young-friends-hiking-through-forest-travel-hiking-adventure-concept-1.jpg\" \/>\n\t<meta property=\"og:image:width\" content=\"1498\" \/>\n\t<meta property=\"og:image:height\" content=\"998\" \/>\n\t<meta property=\"og:image:type\" content=\"image\/jpeg\" \/>\n<meta name=\"twitter:card\" content=\"summary_large_image\" \/>\n<meta name=\"twitter:label1\" content=\"Tiempo de lectura\" \/>\n\t<meta name=\"twitter:data1\" content=\"3 minutos\" \/>\n<script type=\"application\/ld+json\" class=\"yoast-schema-graph\">{\"@context\":\"https:\/\/schema.org\",\"@graph\":[{\"@type\":\"WebPage\",\"@id\":\"https:\/\/www.santuarideterrades.cat\/activitats-2\/\",\"url\":\"https:\/\/www.santuarideterrades.cat\/activitats-2\/\",\"name\":\"Actividades - Santuari de Terrades\",\"isPartOf\":{\"@id\":\"https:\/\/www.santuarideterrades.cat\/#website\"},\"primaryImageOfPage\":{\"@id\":\"https:\/\/www.santuarideterrades.cat\/activitats-2\/#primaryimage\"},\"image\":{\"@id\":\"https:\/\/www.santuarideterrades.cat\/activitats-2\/#primaryimage\"},\"thumbnailUrl\":\"https:\/\/www.santuarideterrades.cat\/wp-content\/uploads\/2022\/08\/girl-taking-photo-of-her-friends-group-of-young-friends-hiking-through-forest-travel-hiking-adventure-concept-1.jpg\",\"datePublished\":\"2023-01-27T13:26:27+00:00\",\"dateModified\":\"2025-02-27T16:36:00+00:00\",\"breadcrumb\":{\"@id\":\"https:\/\/www.santuarideterrades.cat\/activitats-2\/#breadcrumb\"},\"inLanguage\":\"es\",\"potentialAction\":[{\"@type\":\"ReadAction\",\"target\":[\"https:\/\/www.santuarideterrades.cat\/activitats-2\/\"]}]},{\"@type\":\"ImageObject\",\"inLanguage\":\"es\",\"@id\":\"https:\/\/www.santuarideterrades.cat\/activitats-2\/#primaryimage\",\"url\":\"https:\/\/www.santuarideterrades.cat\/wp-content\/uploads\/2022\/08\/girl-taking-photo-of-her-friends-group-of-young-friends-hiking-through-forest-travel-hiking-adventure-concept-1.jpg\",\"contentUrl\":\"https:\/\/www.santuarideterrades.cat\/wp-content\/uploads\/2022\/08\/girl-taking-photo-of-her-friends-group-of-young-friends-hiking-through-forest-travel-hiking-adventure-concept-1.jpg\",\"width\":1498,\"height\":998,\"caption\":\"Girl taking a photo of her friends. Group of young friends hiking through forest. Travel, hiking, adventure concept.\"},{\"@type\":\"BreadcrumbList\",\"@id\":\"https:\/\/www.santuarideterrades.cat\/activitats-2\/#breadcrumb\",\"itemListElement\":[{\"@type\":\"ListItem\",\"position\":1,\"name\":\"Inici\",\"item\":\"https:\/\/www.santuarideterrades.cat\/\"},{\"@type\":\"ListItem\",\"position\":2,\"name\":\"Actividades\"}]},{\"@type\":\"WebSite\",\"@id\":\"https:\/\/www.santuarideterrades.cat\/#website\",\"url\":\"https:\/\/www.santuarideterrades.cat\/\",\"name\":\"Santuari de Terrades\",\"description\":\"Santuari de la Mare de D\u00e9u  de la Salut\",\"publisher\":{\"@id\":\"https:\/\/www.santuarideterrades.cat\/#organization\"},\"potentialAction\":[{\"@type\":\"SearchAction\",\"target\":{\"@type\":\"EntryPoint\",\"urlTemplate\":\"https:\/\/www.santuarideterrades.cat\/?s={search_term_string}\"},\"query-input\":{\"@type\":\"PropertyValueSpecification\",\"valueRequired\":true,\"valueName\":\"search_term_string\"}}],\"inLanguage\":\"es\"},{\"@type\":\"Organization\",\"@id\":\"https:\/\/www.santuarideterrades.cat\/#organization\",\"name\":\"Restaurant i Hostatgeria del Santuari de la Salut de Terrades\",\"url\":\"https:\/\/www.santuarideterrades.cat\/\",\"logo\":{\"@type\":\"ImageObject\",\"inLanguage\":\"es\",\"@id\":\"https:\/\/www.santuarideterrades.cat\/#\/schema\/logo\/image\/\",\"url\":\"https:\/\/www.santuarideterrades.cat\/wp-content\/uploads\/2022\/08\/LOGO-LA-SALUT-DE-TERRADES-fosc.png\",\"contentUrl\":\"https:\/\/www.santuarideterrades.cat\/wp-content\/uploads\/2022\/08\/LOGO-LA-SALUT-DE-TERRADES-fosc.png\",\"width\":2000,\"height\":826,\"caption\":\"Restaurant i Hostatgeria del Santuari de la Salut de Terrades\"},\"image\":{\"@id\":\"https:\/\/www.santuarideterrades.cat\/#\/schema\/logo\/image\/\"}}]}<\/script>\n<!-- \/ Yoast SEO plugin. -->","yoast_head_json":{"title":"Actividades - Santuari de Terrades","robots":{"index":"index","follow":"follow","max-snippet":"max-snippet:-1","max-image-preview":"max-image-preview:large","max-video-preview":"max-video-preview:-1"},"canonical":"https:\/\/www.santuarideterrades.cat\/activitats-2\/","og_locale":"es_ES","og_type":"article","og_title":"Actividades - Santuari de Terrades","og_description":"[vc_row][vc_column offset=\u00bbvc_col-lg-offset-2 vc_col-lg-8 vc_col-md-offset-2 vc_col-md-8&#8243;][fleurdesel_heading title_size=\u00bbDefault\u00bb align=\u00bbcenter\u00bb title=\u00bbMomentos para recordar\u00bb subtitle=\u00bbACTIVIDADES\u00bb css=\u00bb.vc_custom_1674826268035{margin-bottom: 40px !important;padding-top: 100px !important;}\u00bb][vc_column_text css=\u00bb.vc_custom_1740674139604{margin-bottom: 90px !important;padding-right: 30px !important;padding-left: 30px !important;}\u00bb]Desde el santuario de la Salud podr\u00e1 descubrir y visitar el entorno para disfrutar de las vistas haciendo senderismo, treking, excursiones en burro, excursi\u00f3n en kayak al pantano, rutas en bicicleta o lanzarse [&hellip;]","og_url":"https:\/\/www.santuarideterrades.cat\/activitats-2\/","og_site_name":"Santuari de Terrades","article_modified_time":"2025-02-27T16:36:00+00:00","og_image":[{"width":1498,"height":998,"url":"https:\/\/www.santuarideterrades.cat\/wp-content\/uploads\/2022\/08\/girl-taking-photo-of-her-friends-group-of-young-friends-hiking-through-forest-travel-hiking-adventure-concept-1.jpg","type":"image\/jpeg"}],"twitter_card":"summary_large_image","twitter_misc":{"Tiempo de lectura":"3 minutos"},"schema":{"@context":"https:\/\/schema.org","@graph":[{"@type":"WebPage","@id":"https:\/\/www.santuarideterrades.cat\/activitats-2\/","url":"https:\/\/www.santuarideterrades.cat\/activitats-2\/","name":"Actividades - Santuari de Terrades","isPartOf":{"@id":"https:\/\/www.santuarideterrades.cat\/#website"},"primaryImageOfPage":{"@id":"https:\/\/www.santuarideterrades.cat\/activitats-2\/#primaryimage"},"image":{"@id":"https:\/\/www.santuarideterrades.cat\/activitats-2\/#primaryimage"},"thumbnailUrl":"https:\/\/www.santuarideterrades.cat\/wp-content\/uploads\/2022\/08\/girl-taking-photo-of-her-friends-group-of-young-friends-hiking-through-forest-travel-hiking-adventure-concept-1.jpg","datePublished":"2023-01-27T13:26:27+00:00","dateModified":"2025-02-27T16:36:00+00:00","breadcrumb":{"@id":"https:\/\/www.santuarideterrades.cat\/activitats-2\/#breadcrumb"},"inLanguage":"es","potentialAction":[{"@type":"ReadAction","target":["https:\/\/www.santuarideterrades.cat\/activitats-2\/"]}]},{"@type":"ImageObject","inLanguage":"es","@id":"https:\/\/www.santuarideterrades.cat\/activitats-2\/#primaryimage","url":"https:\/\/www.santuarideterrades.cat\/wp-content\/uploads\/2022\/08\/girl-taking-photo-of-her-friends-group-of-young-friends-hiking-through-forest-travel-hiking-adventure-concept-1.jpg","contentUrl":"https:\/\/www.santuarideterrades.cat\/wp-content\/uploads\/2022\/08\/girl-taking-photo-of-her-friends-group-of-young-friends-hiking-through-forest-travel-hiking-adventure-concept-1.jpg","width":1498,"height":998,"caption":"Girl taking a photo of her friends. Group of young friends hiking through forest. Travel, hiking, adventure concept."},{"@type":"BreadcrumbList","@id":"https:\/\/www.santuarideterrades.cat\/activitats-2\/#breadcrumb","itemListElement":[{"@type":"ListItem","position":1,"name":"Inici","item":"https:\/\/www.santuarideterrades.cat\/"},{"@type":"ListItem","position":2,"name":"Actividades"}]},{"@type":"WebSite","@id":"https:\/\/www.santuarideterrades.cat\/#website","url":"https:\/\/www.santuarideterrades.cat\/","name":"Santuari de Terrades","description":"Santuari de la Mare de D\u00e9u  de la Salut","publisher":{"@id":"https:\/\/www.santuarideterrades.cat\/#organization"},"potentialAction":[{"@type":"SearchAction","target":{"@type":"EntryPoint","urlTemplate":"https:\/\/www.santuarideterrades.cat\/?s={search_term_string}"},"query-input":{"@type":"PropertyValueSpecification","valueRequired":true,"valueName":"search_term_string"}}],"inLanguage":"es"},{"@type":"Organization","@id":"https:\/\/www.santuarideterrades.cat\/#organization","name":"Restaurant i Hostatgeria del Santuari de la Salut de Terrades","url":"https:\/\/www.santuarideterrades.cat\/","logo":{"@type":"ImageObject","inLanguage":"es","@id":"https:\/\/www.santuarideterrades.cat\/#\/schema\/logo\/image\/","url":"https:\/\/www.santuarideterrades.cat\/wp-content\/uploads\/2022\/08\/LOGO-LA-SALUT-DE-TERRADES-fosc.png","contentUrl":"https:\/\/www.santuarideterrades.cat\/wp-content\/uploads\/2022\/08\/LOGO-LA-SALUT-DE-TERRADES-fosc.png","width":2000,"height":826,"caption":"Restaurant i Hostatgeria del Santuari de la Salut de Terrades"},"image":{"@id":"https:\/\/www.santuarideterrades.cat\/#\/schema\/logo\/image\/"}}]}},"jetpack_sharing_enabled":true,"_links":{"self":[{"href":"https:\/\/www.santuarideterrades.cat\/es\/wp-json\/wp\/v2\/pages\/2918","targetHints":{"allow":["GET"]}}],"collection":[{"href":"https:\/\/www.santuarideterrades.cat\/es\/wp-json\/wp\/v2\/pages"}],"about":[{"href":"https:\/\/www.santuarideterrades.cat\/es\/wp-json\/wp\/v2\/types\/page"}],"author":[{"embeddable":true,"href":"https:\/\/www.santuarideterrades.cat\/es\/wp-json\/wp\/v2\/users\/3"}],"replies":[{"embeddable":true,"href":"https:\/\/www.santuarideterrades.cat\/es\/wp-json\/wp\/v2\/comments?post=2918"}],"version-history":[{"count":4,"href":"https:\/\/www.santuarideterrades.cat\/es\/wp-json\/wp\/v2\/pages\/2918\/revisions"}],"predecessor-version":[{"id":3091,"href":"https:\/\/www.santuarideterrades.cat\/es\/wp-json\/wp\/v2\/pages\/2918\/revisions\/3091"}],"wp:featuredmedia":[{"embeddable":true,"href":"https:\/\/www.santuarideterrades.cat\/es\/wp-json\/wp\/v2\/media\/2413"}],"wp:attachment":[{"href":"https:\/\/www.santuarideterrades.cat\/es\/wp-json\/wp\/v2\/media?parent=2918"}],"curies":[{"name":"wp","href":"https:\/\/api.w.org\/{rel}","templated":true}]}}