{"id":2912,"date":"2023-01-27T12:02:33","date_gmt":"2023-01-27T12:02:33","guid":{"rendered":"https:\/\/www.santuarideterrades.cat\/el-templo\/"},"modified":"2023-01-27T12:06:34","modified_gmt":"2023-01-27T12:06:34","slug":"el-templo","status":"publish","type":"page","link":"https:\/\/www.santuarideterrades.cat\/es\/el-templo\/","title":{"rendered":"El Templo"},"content":{"rendered":"<p>[vc_row][vc_column offset=\u00bbvc_col-lg-offset-2 vc_col-lg-8 vc_col-md-offset-2 vc_col-md-8&#8243;][fleurdesel_heading title_size=\u00bbDefault\u00bb align=\u00bbcenter\u00bb title=\u00bbEl Santuario de la Mare de D\u00e8u de la Salut\u00bb subtitle=\u00bbEL TEMPLO\u00bb css=\u00bb.vc_custom_1674821176842{margin-bottom: 40px !important;padding-top: 100px !important;}\u00bb][vc_column_text css=\u00bb.vc_custom_1660058633058{margin-bottom: 80px !important;padding-right: 30px !important;padding-left: 30px !important;}\u00bb]El Santuario de la Mare de D\u00e9u de Salut de Terrades es uno de los puntos de la comarca del Alt Empord\u00e0 que cuenta con mayor tradici\u00f3n. La imagen que se venera es la de Mare de D\u00e9u de la Salut, una imagen de madera policromada, de mediados del siglo pasado, obra de Narc\u00eds Salguera, escultor de Olot.[\/vc_column_text][\/vc_column][\/vc_row][vc_row css=\u00bb.vc_custom_1491215321364{margin-bottom: 50px !important;}\u00bb][vc_column][vc_single_image image=\u00bb208&#8243; img_size=\u00bbfull\u00bb alignment=\u00bbcenter\u00bb][\/vc_column][\/vc_row][vc_row css=\u00bb.vc_custom_1491215365578{margin-bottom: 140px !important;}\u00bb][vc_column offset=\u00bbvc_col-lg-offset-1 vc_col-lg-10 vc_col-md-offset-1 vc_col-md-10&#8243;][vc_column_text]El Santuario se construy\u00f3 en el siglo XVII, sobre los restos de una antigua mas\u00eda. Dentro del templo, en el lado izquierdo de la nave, en una capilla cubierta, todav\u00eda puede encontrarse el sepulcro de Felip Olivet, fundador y primer ermita\u00f1o del Santuario.<\/p>\n<p>El temple que podem veure actualment \u00e9s fruit de les nombroses reformes que van haver de fer-se despr\u00e9s que el temple qued\u00e9s malm\u00e8s o fins i tot destru\u00eft, en diferents esdeveniments b\u00e8l\u00b7lics durant els darrers segles.[\/vc_column_text][\/vc_column][\/vc_row][vc_section full_width=\u00bbstretch_row\u00bb css=\u00bb.vc_custom_1660059142735{padding-top: 100px !important;padding-bottom: 100px !important;background-image: url(https:\/\/www.santuarideterrades.cat\/wp-content\/uploads\/2022\/08\/DJI_0019DJI_0019.jpg?id=2195) !important;background-position: center !important;background-repeat: no-repeat !important;background-size: cover !important;}\u00bb][vc_row css=\u00bb.vc_custom_1491385448172{padding-bottom: 120px !important;}\u00bb][vc_column offset=\u00bbvc_col-lg-offset-2 vc_col-lg-8 vc_col-md-offset-2 vc_col-md-8&#8243;][fleurdesel_heading style=\u00bbwhite\u00bb title_size=\u00bbDefault\u00bb align=\u00bbcenter\u00bb title=\u00bbMisa\u00bb subtitle=\u00bbHORARIOS\u00bb][\/vc_column][\/vc_row][vc_row][vc_column width=\u00bb1\/2&#8243; offset=\u00bbvc_col-lg-3 vc_col-md-3&#8243;][\/vc_column][vc_column width=\u00bb1\/2&#8243;][fleurdesel_iconbox icon_fleurdesel=\u00bbfh fh-church\u00bb title=\u00bbDomingos y festivos a las 12:00h\u00bb link=\u00bburl:http%3A%2F%2Fdemo.awethemes.com%2Ffleurdesel%2Fpackage%2Fsurfing-package%2F|||\u00bb color=\u00bb#ffffff\u00bb][\/vc_column][\/vc_row][\/vc_section][vc_section disable_element=\u00bbyes\u00bb css=\u00bb.vc_custom_1660060323576{padding-top: 120px !important;padding-bottom: 120px !important;}\u00bb][vc_row content_placement=\u00bbmiddle\u00bb][vc_column offset=\u00bbvc_col-lg-6 vc_col-md-6&#8243; el_class=\u00bbpr-md-0&#8243;][vc_single_image image=\u00bb539&#8243; img_size=\u00bbfull\u00bb alignment=\u00bbcenter\u00bb el_class=\u00bbpr-md-0&#8243;][\/vc_column][vc_column offset=\u00bbvc_col-lg-6 vc_col-md-6&#8243;][vc_column_text css=\u00bb.vc_custom_1500363573021{padding-top: 30px !important;padding-right: 65px !important;padding-bottom: 30px !important;padding-left: 65px !important;}\u00bb]<\/p>\n<h3 style=\"text-align: center;\">La Ceremonia<\/h3>\n<p style=\"text-align: center; padding-top: 25px; line-height: 1.875;\">Tenemos el lugar perfecto para tomar sus votos con una variedad de espacios impresionantes. Nuestros expertos en eventos y bodas se aseguran de que todo salga a la perfecci\u00f3n.<\/p>\n<p>[\/vc_column_text][\/vc_column][\/vc_row][vc_row content_placement=\u00bbmiddle\u00bb][vc_column offset=\u00bbvc_col-lg-6 vc_col-md-6&#8243; el_class=\u00bbpush-lg-6 pl-md-0&#8243;][vc_single_image image=\u00bb537&#8243; img_size=\u00bbfull\u00bb alignment=\u00bbcenter\u00bb][\/vc_column][vc_column offset=\u00bbvc_col-lg-6 vc_col-md-6&#8243; el_class=\u00bbpull-lg-6&#8243;][vc_column_text css=\u00bb.vc_custom_1500363582366{padding-top: 30px !important;padding-right: 65px !important;padding-bottom: 30px !important;padding-left: 65px !important;}\u00bb]<\/p>\n<h3 style=\"text-align: center;\">La Recepci\u00f3n<\/h3>\n<p style=\"text-align: center; padding-top: 25px; line-height: 1.875;\">Celebre el d\u00eda m\u00e1s feliz de su vida con su familia y amigos en un hermoso entorno personalizado a su estilo personal. Nuestro equipo se encargar\u00e1 de todos los detalles para que seas completamente libre de perderte en el momento.<\/p>\n<p>[\/vc_column_text][\/vc_column][\/vc_row][vc_row content_placement=\u00bbmiddle\u00bb][vc_column offset=\u00bbvc_col-lg-6 vc_col-md-6&#8243; el_class=\u00bbpr-md-0&#8243;][vc_single_image image=\u00bb538&#8243; img_size=\u00bbfull\u00bb alignment=\u00bbcenter\u00bb][\/vc_column][vc_column offset=\u00bbvc_col-lg-6 vc_col-md-6&#8243;][vc_column_text css=\u00bb.vc_custom_1500363593655{padding-top: 30px !important;padding-right: 65px !important;padding-bottom: 30px !important;padding-left: 65px !important;}\u00bb]<\/p>\n<h3 style=\"text-align: center;\">Duchas y cenas de ensayo para bodas<\/h3>\n<p style=\"text-align: center; padding-top: 25px; line-height: 1.875;\">Nuestros lugares dignos de atenci\u00f3n, la cocina galardonada y la cocteler\u00eda premium preparan el escenario para que usted, su familia y amigos compartan momentos previos a la boda \u00fanicos en la vida que atesorar\u00e1n para siempre.<\/p>\n<p>[\/vc_column_text][\/vc_column][\/vc_row][\/vc_section][vc_row disable_element=\u00bbyes\u00bb css=\u00bb.vc_custom_1660212861770{padding-bottom: 150px !important;}\u00bb][vc_column width=\u00bb1\/6&#8243;][\/vc_column][vc_column width=\u00bb2\/3&#8243;][fleurdesel_heading title_size=\u00bbDefault\u00bb align=\u00bbcenter\u00bb title=\u00bbGaler\u00eda de im\u00e1genes\u00bb subtitle=\u00bbEL TEMPLO\u00bb][\/vc_column][vc_column width=\u00bb1\/6&#8243;][\/vc_column][\/vc_row][vc_row disable_element=\u00bbyes\u00bb][vc_column][fleurdesel_fullscreen_slider sliders=\u00bb%5B%7B%22image%22%3A%22213%22%7D%2C%7B%22image%22%3A%22212%22%7D%2C%7B%22image%22%3A%22211%22%7D%2C%7B%22image%22%3A%22209%22%7D%5D\u00bb][\/vc_column][\/vc_row]<\/p>\n","protected":false},"excerpt":{"rendered":"<p>[vc_row][vc_column offset=\u00bbvc_col-lg-offset-2 vc_col-lg-8 vc_col-md-offset-2 vc_col-md-8&#8243;][fleurdesel_heading title_size=\u00bbDefault\u00bb align=\u00bbcenter\u00bb title=\u00bbEl Santuario de la Mare de D\u00e8u de la Salut\u00bb subtitle=\u00bbEL TEMPLO\u00bb css=\u00bb.vc_custom_1674821176842{margin-bottom: 40px !important;padding-top: 100px !important;}\u00bb][vc_column_text css=\u00bb.vc_custom_1660058633058{margin-bottom: 80px !important;padding-right: 30px !important;padding-left: 30px !important;}\u00bb]El Santuario de la Mare de D\u00e9u de Salut de Terrades es uno de los puntos de la comarca del Alt Empord\u00e0 que cuenta con [&hellip;]<\/p>\n","protected":false},"author":3,"featured_media":0,"parent":0,"menu_order":0,"comment_status":"closed","ping_status":"closed","template":"templates\/page-builder.php","meta":{"footnotes":""},"class_list":["post-2912","page","type-page","status-publish","hentry"],"yoast_head":"<!-- This site is optimized with the Yoast SEO plugin v24.6 - https:\/\/yoast.com\/wordpress\/plugins\/seo\/ -->\n<title>El Templo - Santuari de Terrades<\/title>\n<meta name=\"robots\" content=\"index, follow, max-snippet:-1, max-image-preview:large, max-video-preview:-1\" \/>\n<link rel=\"canonical\" href=\"https:\/\/www.santuarideterrades.cat\/es\/el-templo\/\" \/>\n<meta property=\"og:locale\" content=\"es_ES\" \/>\n<meta property=\"og:type\" content=\"article\" \/>\n<meta property=\"og:title\" content=\"El Templo - Santuari de Terrades\" \/>\n<meta property=\"og:description\" content=\"[vc_row][vc_column offset=\u00bbvc_col-lg-offset-2 vc_col-lg-8 vc_col-md-offset-2 vc_col-md-8&#8243;][fleurdesel_heading title_size=\u00bbDefault\u00bb align=\u00bbcenter\u00bb title=\u00bbEl Santuario de la Mare de D\u00e8u de la Salut\u00bb subtitle=\u00bbEL TEMPLO\u00bb css=\u00bb.vc_custom_1674821176842{margin-bottom: 40px !important;padding-top: 100px !important;}\u00bb][vc_column_text css=\u00bb.vc_custom_1660058633058{margin-bottom: 80px !important;padding-right: 30px !important;padding-left: 30px !important;}\u00bb]El Santuario de la Mare de D\u00e9u de Salut de Terrades es uno de los puntos de la comarca del Alt Empord\u00e0 que cuenta con [&hellip;]\" \/>\n<meta property=\"og:url\" content=\"https:\/\/www.santuarideterrades.cat\/es\/el-templo\/\" \/>\n<meta property=\"og:site_name\" content=\"Santuari de Terrades\" \/>\n<meta property=\"article:modified_time\" content=\"2023-01-27T12:06:34+00:00\" \/>\n<meta name=\"twitter:card\" content=\"summary_large_image\" \/>\n<meta name=\"twitter:label1\" content=\"Tiempo de lectura\" \/>\n\t<meta name=\"twitter:data1\" content=\"4 minutos\" \/>\n<script type=\"application\/ld+json\" class=\"yoast-schema-graph\">{\"@context\":\"https:\/\/schema.org\",\"@graph\":[{\"@type\":\"WebPage\",\"@id\":\"https:\/\/www.santuarideterrades.cat\/es\/el-templo\/\",\"url\":\"https:\/\/www.santuarideterrades.cat\/es\/el-templo\/\",\"name\":\"El Templo - Santuari de Terrades\",\"isPartOf\":{\"@id\":\"https:\/\/www.santuarideterrades.cat\/#website\"},\"datePublished\":\"2023-01-27T12:02:33+00:00\",\"dateModified\":\"2023-01-27T12:06:34+00:00\",\"breadcrumb\":{\"@id\":\"https:\/\/www.santuarideterrades.cat\/es\/el-templo\/#breadcrumb\"},\"inLanguage\":\"es\",\"potentialAction\":[{\"@type\":\"ReadAction\",\"target\":[\"https:\/\/www.santuarideterrades.cat\/es\/el-templo\/\"]}]},{\"@type\":\"BreadcrumbList\",\"@id\":\"https:\/\/www.santuarideterrades.cat\/es\/el-templo\/#breadcrumb\",\"itemListElement\":[{\"@type\":\"ListItem\",\"position\":1,\"name\":\"Inici\",\"item\":\"https:\/\/www.santuarideterrades.cat\/\"},{\"@type\":\"ListItem\",\"position\":2,\"name\":\"El Templo\"}]},{\"@type\":\"WebSite\",\"@id\":\"https:\/\/www.santuarideterrades.cat\/#website\",\"url\":\"https:\/\/www.santuarideterrades.cat\/\",\"name\":\"Santuari de Terrades\",\"description\":\"Santuari de la Mare de D\u00e9u  de la Salut\",\"publisher\":{\"@id\":\"https:\/\/www.santuarideterrades.cat\/#organization\"},\"potentialAction\":[{\"@type\":\"SearchAction\",\"target\":{\"@type\":\"EntryPoint\",\"urlTemplate\":\"https:\/\/www.santuarideterrades.cat\/?s={search_term_string}\"},\"query-input\":{\"@type\":\"PropertyValueSpecification\",\"valueRequired\":true,\"valueName\":\"search_term_string\"}}],\"inLanguage\":\"es\"},{\"@type\":\"Organization\",\"@id\":\"https:\/\/www.santuarideterrades.cat\/#organization\",\"name\":\"Restaurant i Hostatgeria del Santuari de la Salut de Terrades\",\"url\":\"https:\/\/www.santuarideterrades.cat\/\",\"logo\":{\"@type\":\"ImageObject\",\"inLanguage\":\"es\",\"@id\":\"https:\/\/www.santuarideterrades.cat\/#\/schema\/logo\/image\/\",\"url\":\"https:\/\/www.santuarideterrades.cat\/wp-content\/uploads\/2022\/08\/LOGO-LA-SALUT-DE-TERRADES-fosc.png\",\"contentUrl\":\"https:\/\/www.santuarideterrades.cat\/wp-content\/uploads\/2022\/08\/LOGO-LA-SALUT-DE-TERRADES-fosc.png\",\"width\":2000,\"height\":826,\"caption\":\"Restaurant i Hostatgeria del Santuari de la Salut de Terrades\"},\"image\":{\"@id\":\"https:\/\/www.santuarideterrades.cat\/#\/schema\/logo\/image\/\"}}]}<\/script>\n<!-- \/ Yoast SEO plugin. -->","yoast_head_json":{"title":"El Templo - Santuari de Terrades","robots":{"index":"index","follow":"follow","max-snippet":"max-snippet:-1","max-image-preview":"max-image-preview:large","max-video-preview":"max-video-preview:-1"},"canonical":"https:\/\/www.santuarideterrades.cat\/es\/el-templo\/","og_locale":"es_ES","og_type":"article","og_title":"El Templo - Santuari de Terrades","og_description":"[vc_row][vc_column offset=\u00bbvc_col-lg-offset-2 vc_col-lg-8 vc_col-md-offset-2 vc_col-md-8&#8243;][fleurdesel_heading title_size=\u00bbDefault\u00bb align=\u00bbcenter\u00bb title=\u00bbEl Santuario de la Mare de D\u00e8u de la Salut\u00bb subtitle=\u00bbEL TEMPLO\u00bb css=\u00bb.vc_custom_1674821176842{margin-bottom: 40px !important;padding-top: 100px !important;}\u00bb][vc_column_text css=\u00bb.vc_custom_1660058633058{margin-bottom: 80px !important;padding-right: 30px !important;padding-left: 30px !important;}\u00bb]El Santuario de la Mare de D\u00e9u de Salut de Terrades es uno de los puntos de la comarca del Alt Empord\u00e0 que cuenta con [&hellip;]","og_url":"https:\/\/www.santuarideterrades.cat\/es\/el-templo\/","og_site_name":"Santuari de Terrades","article_modified_time":"2023-01-27T12:06:34+00:00","twitter_card":"summary_large_image","twitter_misc":{"Tiempo de lectura":"4 minutos"},"schema":{"@context":"https:\/\/schema.org","@graph":[{"@type":"WebPage","@id":"https:\/\/www.santuarideterrades.cat\/es\/el-templo\/","url":"https:\/\/www.santuarideterrades.cat\/es\/el-templo\/","name":"El Templo - Santuari de Terrades","isPartOf":{"@id":"https:\/\/www.santuarideterrades.cat\/#website"},"datePublished":"2023-01-27T12:02:33+00:00","dateModified":"2023-01-27T12:06:34+00:00","breadcrumb":{"@id":"https:\/\/www.santuarideterrades.cat\/es\/el-templo\/#breadcrumb"},"inLanguage":"es","potentialAction":[{"@type":"ReadAction","target":["https:\/\/www.santuarideterrades.cat\/es\/el-templo\/"]}]},{"@type":"BreadcrumbList","@id":"https:\/\/www.santuarideterrades.cat\/es\/el-templo\/#breadcrumb","itemListElement":[{"@type":"ListItem","position":1,"name":"Inici","item":"https:\/\/www.santuarideterrades.cat\/"},{"@type":"ListItem","position":2,"name":"El Templo"}]},{"@type":"WebSite","@id":"https:\/\/www.santuarideterrades.cat\/#website","url":"https:\/\/www.santuarideterrades.cat\/","name":"Santuari de Terrades","description":"Santuari de la Mare de D\u00e9u  de la Salut","publisher":{"@id":"https:\/\/www.santuarideterrades.cat\/#organization"},"potentialAction":[{"@type":"SearchAction","target":{"@type":"EntryPoint","urlTemplate":"https:\/\/www.santuarideterrades.cat\/?s={search_term_string}"},"query-input":{"@type":"PropertyValueSpecification","valueRequired":true,"valueName":"search_term_string"}}],"inLanguage":"es"},{"@type":"Organization","@id":"https:\/\/www.santuarideterrades.cat\/#organization","name":"Restaurant i Hostatgeria del Santuari de la Salut de Terrades","url":"https:\/\/www.santuarideterrades.cat\/","logo":{"@type":"ImageObject","inLanguage":"es","@id":"https:\/\/www.santuarideterrades.cat\/#\/schema\/logo\/image\/","url":"https:\/\/www.santuarideterrades.cat\/wp-content\/uploads\/2022\/08\/LOGO-LA-SALUT-DE-TERRADES-fosc.png","contentUrl":"https:\/\/www.santuarideterrades.cat\/wp-content\/uploads\/2022\/08\/LOGO-LA-SALUT-DE-TERRADES-fosc.png","width":2000,"height":826,"caption":"Restaurant i Hostatgeria del Santuari de la Salut de Terrades"},"image":{"@id":"https:\/\/www.santuarideterrades.cat\/#\/schema\/logo\/image\/"}}]}},"jetpack_sharing_enabled":true,"_links":{"self":[{"href":"https:\/\/www.santuarideterrades.cat\/es\/wp-json\/wp\/v2\/pages\/2912","targetHints":{"allow":["GET"]}}],"collection":[{"href":"https:\/\/www.santuarideterrades.cat\/es\/wp-json\/wp\/v2\/pages"}],"about":[{"href":"https:\/\/www.santuarideterrades.cat\/es\/wp-json\/wp\/v2\/types\/page"}],"author":[{"embeddable":true,"href":"https:\/\/www.santuarideterrades.cat\/es\/wp-json\/wp\/v2\/users\/3"}],"replies":[{"embeddable":true,"href":"https:\/\/www.santuarideterrades.cat\/es\/wp-json\/wp\/v2\/comments?post=2912"}],"version-history":[{"count":3,"href":"https:\/\/www.santuarideterrades.cat\/es\/wp-json\/wp\/v2\/pages\/2912\/revisions"}],"predecessor-version":[{"id":2915,"href":"https:\/\/www.santuarideterrades.cat\/es\/wp-json\/wp\/v2\/pages\/2912\/revisions\/2915"}],"wp:attachment":[{"href":"https:\/\/www.santuarideterrades.cat\/es\/wp-json\/wp\/v2\/media?parent=2912"}],"curies":[{"name":"wp","href":"https:\/\/api.w.org\/{rel}","templated":true}]}}