{"id":2892,"date":"2023-01-27T11:06:35","date_gmt":"2023-01-27T11:06:35","guid":{"rendered":"https:\/\/www.santuarideterrades.cat\/?page_id=2892"},"modified":"2025-02-27T16:25:26","modified_gmt":"2025-02-27T16:25:26","slug":"servicios-instalaciones","status":"publish","type":"page","link":"https:\/\/www.santuarideterrades.cat\/es\/servicios-instalaciones\/","title":{"rendered":"Servicios e instalaciones"},"content":{"rendered":"<p>[vc_row][vc_column offset=\u00bbvc_col-lg-offset-2 vc_col-lg-8&#8243;][fleurdesel_heading title_size=\u00bbDefault\u00bb align=\u00bbcenter\u00bb title=\u00bbServicios e instalaciones\u00bb subtitle=\u00bbTODO LO QUE NECESITAS\u00bb css=\u00bb.vc_custom_1674817887328{margin-bottom: 40px !important;padding-top: 100px !important;}\u00bb][vc_column_text css=\u00bb.vc_custom_1674817353480{margin-bottom: 80px !important;}\u00bb]<\/p>\n<p style=\"text-align: center;\"><strong>En el Hostal de La Salut podr\u00e1s disfrutar de diferentes espacios y servicios condicionados por tus necesidades.<\/strong><\/p>\n<p>[\/vc_column_text][\/vc_column][\/vc_row][vc_row css=\u00bb.vc_custom_1491211579184{margin-bottom: 90px !important;}\u00bb][vc_column offset=\u00bbvc_col-lg-offset-1 vc_col-lg-4&#8243; css=\u00bb.vc_custom_1491277804068{margin-bottom: 30px !important;}\u00bb][vc_column_text]<\/p>\n<h3 class=\"h4\" style=\"line-height: 2.5;\">Servicios<\/h3>\n<p>El hotel cuenta con 12 habitaciones y un restaurante que sirve desayunos, almuerzos y cenas.<\/p>\n<p>Disponemos de un comedor interior, un exterior y una terraza. En la terraza, durante la temporada de verano, tambi\u00e9n se sirven comidas.<\/p>\n<p id=\"tw-target-text\" class=\"tw-data-text tw-text-large tw-ta\" dir=\"ltr\" data-placeholder=\"Traducci\u00f3n\" data-ved=\"2ahUKEwimvo-7keSLAxUxBNsEHalpKx4Q3ewLegQICBAV\" aria-label=\"Texto traducido: SPA y alquiler de bicicletas.\"><span class=\"Y2IQFc\" lang=\"es\">SPA y alquiler de bicicletas.<\/span><\/p>\n<p>[\/vc_column_text][\/vc_column][vc_column offset=\u00bbvc_col-lg-1 vc_hidden-md vc_hidden-sm vc_hidden-xs\u00bb css=\u00bb.vc_custom_1491277732828{border-right-width: 1px !important;padding-bottom: 200px !important;border-right-color: #b98036 !important;border-right-style: solid !important;}\u00bb][\/vc_column][vc_column offset=\u00bbvc_col-lg-1 vc_hidden-md vc_hidden-sm vc_hidden-xs\u00bb][\/vc_column][vc_column offset=\u00bbvc_col-lg-4&#8243;][vc_column_text]<\/p>\n<h3 class=\"h4\" style=\"line-height: 2.5;\">Instalaciones<\/h3>\n<p class=\"fz-14\" style=\"line-height: 1.7;\">Los hu\u00e9spedes del hotel disponen de una sala de estar para leer, descansar, juegos de mesa, o ver la TV.<\/p>\n<p data-start=\"1746\" data-end=\"1955\"><strong data-start=\"1748\" data-end=\"1756\">SPA:<\/strong> Ubicado en la planta baja del edificio (siglos XVII\/XVIII), con jacuzzi exterior en un patio interior y una zona interior con sauna seca terap\u00e9utica, \u00e1rea de relajaci\u00f3n, lavabo, ducha y vestuario.<\/p>\n<p data-start=\"1957\" data-end=\"2151\"><strong data-start=\"1959\" data-end=\"1992\">Piscina y jacuzzi exteriores:<\/strong> Los hu\u00e9spedes del hostal (solo adultos) pueden acceder a las instalaciones del \u201cGlamping Vall de Codo\u201d, situado a 200 metros del hostal, previa inscripci\u00f3n.<\/p>\n<p data-start=\"2153\" data-end=\"2237\" data-is-last-node=\"\" data-is-only-node=\"\"><strong data-start=\"2155\" data-end=\"2177\">Iglesia Santuario:<\/strong> Dedicada a la Virgen de la Salud, abierta casi todo el a\u00f1o.<\/p>\n<p>[\/vc_column_text][\/vc_column][\/vc_row][vc_row][vc_column][vc_single_image image=\u00bb2145&#8243; img_size=\u00bbfull\u00bb alignment=\u00bbcenter\u00bb css=\u00bb.vc_custom_1660205477882{margin-bottom: 60px !important;}\u00bb][\/vc_column][\/vc_row][vc_row css=\u00bb.vc_custom_1491215365578{margin-bottom: 140px !important;}\u00bb][vc_column offset=\u00bbvc_col-lg-offset-2 vc_col-lg-8 vc_col-md-offset-2 vc_col-md-8&#8243;][fleurdesel_catalogue_menu catalogue_menus=\u00bb%5B%7B%22title%22%3A%22Sala%20de%20estar%22%2C%22description%22%3A%22Podr%C3%A1s%20disfrutar%20de%20un%20espacio%20com%C3%BAn%20con%20sala%20de%20estar%20para%20leer%20o%20descansar%2C%20jugar%20a%20juegos%20de%20mesa%20o%20ver%20la%20TV.%22%7D%2C%7B%22title%22%3A%22Alquiler%20de%20bicicletas%22%2C%22description%22%3A%22El%20hotel%20del%20Santuario%20ofrece%20servicio%20de%20alquiler%20de%20bicicletas%20para%20aquellos%20aventureros%20que%20quieran%20hacer%20rutas%20sobre%20dos%20ruedas.%22%2C%22price%22%3A%2225%2C00%E2%82%AC%22%2C%22price_unit%22%3A%22d%C3%ADa%22%7D%2C%7B%22title%22%3A%22Restaurante%22%2C%22description%22%3A%22Los%20hu%C3%A9spedes%20del%20hotel%20tienen%20la%20posibilidad%20de%20desayunar%2C%20almorzar%20o%20cenar%20en%20el%20restaurante%20del%20Santuario%20de%20Terrades.%22%7D%5D\u00bb][\/vc_column][\/vc_row][vc_row css=\u00bb.vc_custom_1740671563724{margin-bottom: 120px !important;}\u00bb][vc_column][fleurdesel_heading title_size=\u00bbDefault\u00bb align=\u00bbcenter\u00bb title=\u00bbSpa &#038; Masajes\u00bb subtitle=\u00bbSERVICIOS\u00bb][vc_row_inner][vc_column_inner width=\u00bb1\/2&#8243; offset=\u00bbvc_col-lg-3 vc_col-md-3 vc_col-xs-12&#8243;][fleurdesel_iconbox layout=\u00bbhorizontal\u00bb icon_fleurdesel=\u00bbfh fh-olive-oil\u00bb title=\u00bbAceite de oliva\u00bb][fleurdesel_iconbox layout=\u00bbhorizontal\u00bb icon_fleurdesel=\u00bbfh fh-aromatherapy\u00bb title=\u00bbAromaterapia\u00bb][fleurdesel_iconbox layout=\u00bbhorizontal\u00bb icon_fleurdesel=\u00bbfh fh-hot-stones\u00bb title=\u00bbPiedras calientes\u00bb][\/vc_column_inner][vc_column_inner width=\u00bb1\/2&#8243; offset=\u00bbvc_col-lg-3 vc_col-md-3 vc_col-xs-12&#8243;][fleurdesel_iconbox layout=\u00bbhorizontal\u00bb icon_fleurdesel=\u00bbfh fh-shower\u00bb title=\u00bbDucha\u00bb][fleurdesel_iconbox layout=\u00bbhorizontal\u00bb icon_fleurdesel=\u00bbfh fh-music\u00bb title=\u00bbM\u00fasica\u00bb][fleurdesel_iconbox layout=\u00bbhorizontal\u00bb icon_fleurdesel=\u00bbfh fh-washbowl\u00bb title=\u00bbLavadora\u00bb][\/vc_column_inner][vc_column_inner width=\u00bb1\/2&#8243; offset=\u00bbvc_col-lg-3 vc_col-md-3 vc_col-xs-12&#8243;][fleurdesel_iconbox layout=\u00bbhorizontal\u00bb icon_fleurdesel=\u00bbfh fh-sauna\u00bb title=\u00bbSauna\u00bb][fleurdesel_iconbox layout=\u00bbhorizontal\u00bb icon_fleurdesel=\u00bbfh fh-towels\u00bb title=\u00bbToallas\u00bb][fleurdesel_iconbox layout=\u00bbhorizontal\u00bb icon_fleurdesel=\u00bbfh fh-teapot\u00bb title=\u00bbTetera\u00bb][\/vc_column_inner][vc_column_inner width=\u00bb1\/2&#8243; offset=\u00bbvc_col-lg-3 vc_col-md-3 vc_col-xs-12&#8243;][fleurdesel_iconbox layout=\u00bbhorizontal\u00bb icon_fleurdesel=\u00bbfh fh-cream\u00bb title=\u00bbCremas\u00bb][fleurdesel_iconbox layout=\u00bbhorizontal\u00bb icon_fleurdesel=\u00bbfh fh-room\u00bb title=\u00bbVestidor\u00bb][fleurdesel_iconbox layout=\u00bbhorizontal\u00bb icon_fleurdesel=\u00bbfh fh-robe\u00bb title=\u00bbRopa\u00bb][\/vc_column_inner][\/vc_row_inner][\/vc_column][\/vc_row][vc_row full_width=\u00bbstretch_row\u00bb enable_overlay=\u00bbyes\u00bb css=\u00bb.vc_custom_1660206552108{margin-bottom: 100px !important;padding-top: 80px !important;padding-bottom: 80px !important;background-image: url(https:\/\/www.santuarideterrades.cat\/wp-content\/uploads\/2022\/08\/clean-empty-sauna-room.jpg?id=2245) !important;}\u00bb overlay_color=\u00bbrgba(0,0,0,0.2)\u00bb][vc_column offset=\u00bbvc_col-lg-offset-2 vc_col-lg-8&#8243;][fleurdesel_heading style=\u00bbwhite\u00bb title_size=\u00bbDefault\u00bb align=\u00bbcenter\u00bb title=\u00bbTratamientos\u00bb subtitle=\u00bbEXCLUSIVO HOSTES\u00bb css=\u00bb.vc_custom_1674817567398{margin-bottom: 60px !important;padding-top: 25px !important;}\u00bb][\/vc_column][\/vc_row][vc_row css=\u00bb.vc_custom_1491636977917{margin-bottom: 100px !important;}\u00bb][vc_column offset=\u00bbvc_col-lg-offset-2 vc_col-lg-8 vc_col-md-offset-2 vc_col-md-8&#8243;][fleurdesel_catalogue_menu catalogue_menus=\u00bb%5B%7B%22title%22%3A%22Sesi%C3%B3n%20de%20Spa%22%2C%22description%22%3A%22Nuestro%20SPA%2C%20ubicado%20en%20la%20planta%20baja%20del%20edificio%20(siglos%20XVII%2FXVIII)%2C%20cuenta%20con%20un%20jacuzzi%20exterior%20en%20un%20patio%20interior%20y%20una%20zona%20interior%20con%20sauna%20seca%20terap%C3%A9utica%2C%20%C3%A1rea%20de%20relajaci%C3%B3n%2C%20lavabo%2C%20ducha%20y%20vestuario.%20Es%20un%20SPA%20con%20mucho%20encanto%20y%20acogedor.%5Cn%5CnSi%20buscas%20un%20momento%20de%20relajaci%C3%B3n%20y%20desconexi%C3%B3n%2C%20sincronizar%20cuerpo%20y%20mente%2C%20olvidarte%20de%20todas%20las%20preocupaciones%20para%20centrarte%20en%20ti%20mismo%2C%20en%20nuestro%20SPA%20del%20Hostal%20La%20Salut%20haremos%20todo%20lo%20posible%20para%20que%20as%C3%AD%20sea.%5CnEl%20SPA%20se%20puede%20reservar%20por%20horas%20y%20es%20de%20uso%20exclusivo.%20Capacidad%20m%C3%A1xima%3A%204%20personas%20del%20mismo%20grupo.%20Es%20necesario%20reservar%20con%20antelaci%C3%B3n%20(m%C3%ADnimo%206%20horas).%22%2C%22price%22%3A%2220%2C00%E2%82%AC%22%2C%22price_unit%22%3A%22PERSONA%20%2F%20HORA%22%2C%22recommend%22%3A%22true%22%7D%2C%7B%22title%22%3A%22Masaje%22%2C%22description%22%3A%22El%20masaje%20es%20una%20herramienta%20fundamental%20en%20el%20mundo%20terap%C3%A9utico%2C%20muy%20efectiva%20y%20con%20grandes%20beneficios%20para%20quien%20lo%20recibe.%20En%20el%20Hostal%20de%20la%20Salut%20contamos%20con%20un%20masajista%20titulado%20para%20que%20puedas%20ponerte%20en%20sus%20manos%20y%20alcanzar%20el%20bienestar.%20Se%20debe%20reservar%20con%20dos%20d%C3%ADas%20de%20antelaci%C3%B3n.%22%2C%22price%22%3A%2255%2C00%E2%82%AC%22%2C%22price_unit%22%3A%2245%20min%22%7D%2C%7B%22title%22%3A%22Sauna%20%22%2C%22description%22%3A%22Disfruta%20de%20las%20instalaciones%20del%20Hotel%20del%20Santuari%20de%20la%20Mare%20de%20D%C3%A9u%20de%20la%20Salut%20con%20nuestra%20magn%C3%ADfica%20sauna.%20Descansa%20y%20sincroniza%20cuerpo%20y%20mente%20con%20un%20relajante%20ba%C3%B1o%20de%20vapor.%22%2C%22price%22%3A%2220%2C00%E2%82%AC%22%2C%22price_unit%22%3A%22PERSONA%20%2F%20HORA%22%2C%22recommend%22%3A%22true%22%7D%5D\u00bb css=\u00bb.vc_custom_1740673511953{padding-right: 30px !important;}\u00bb][\/vc_column][\/vc_row][vc_row full_width=\u00bbstretch_row\u00bb disable_element=\u00bbyes\u00bb css=\u00bb.vc_custom_1660207846023{padding-top: 108px !important;padding-bottom: 128px !important;background-image: url(https:\/\/www.santuarideterrades.cat\/wp-content\/uploads\/2017\/03\/spa-4.jpg?id=569) !important;}\u00bb][vc_column offset=\u00bbvc_col-lg-offset-2 vc_col-lg-8 vc_col-md-offset-2 vc_col-md-8&#8243;][fleurdesel_heading style=\u00bbwhite\u00bb title_size=\u00bbDefault\u00bb align=\u00bbcenter\u00bb title=\u00bbGallery\u00bb subtitle=\u00bbVIEW OUR\u00bb][\/vc_column][\/vc_row][vc_row disable_element=\u00bbyes\u00bb css=\u00bb.vc_custom_1660207622674{margin-bottom: 100px !important;}\u00bb][vc_column][fleurdesel_galleries layout=\u00bbmasonry\u00bb galleries=\u00bb%5B%7B%22image%22%3A%22570%22%2C%22title%22%3A%22Pretty%20Face%22%2C%22group%22%3A%22Spa%22%7D%2C%7B%22image%22%3A%22588%22%2C%22title%22%3A%22Massage%22%2C%22group%22%3A%22Spa%22%7D%2C%7B%22image%22%3A%22563%22%2C%22title%22%3A%22Relax%22%2C%22group%22%3A%22Wellness%22%7D%2C%7B%22image%22%3A%22592%22%2C%22title%22%3A%22Natural%22%2C%22group%22%3A%22Spa%22%7D%2C%7B%22image%22%3A%22589%22%2C%22title%22%3A%22Cool%20Face%22%2C%22group%22%3A%22Wellness%22%7D%2C%7B%22image%22%3A%22591%22%2C%22title%22%3A%22Spa%22%2C%22group%22%3A%22Spa%22%7D%2C%7B%22image%22%3A%22595%22%2C%22title%22%3A%22Winne%20Tase%22%2C%22group%22%3A%22Wellness%22%7D%2C%7B%22image%22%3A%22594%22%2C%22title%22%3A%22Wedding%20Tom%22%2C%22group%22%3A%22Wellness%22%7D%2C%7B%22image%22%3A%22596%22%2C%22title%22%3A%22Skin%22%2C%22group%22%3A%22Spa%22%7D%5D\u00bb][\/vc_column][\/vc_row]<\/p>\n","protected":false},"excerpt":{"rendered":"<p>[vc_row][vc_column offset=\u00bbvc_col-lg-offset-2 vc_col-lg-8&#8243;][fleurdesel_heading title_size=\u00bbDefault\u00bb align=\u00bbcenter\u00bb title=\u00bbServicios e instalaciones\u00bb subtitle=\u00bbTODO LO QUE NECESITAS\u00bb css=\u00bb.vc_custom_1674817887328{margin-bottom: 40px !important;padding-top: 100px !important;}\u00bb][vc_column_text css=\u00bb.vc_custom_1674817353480{margin-bottom: 80px !important;}\u00bb] En el Hostal de La Salut podr\u00e1s disfrutar de diferentes espacios y servicios condicionados por tus necesidades. [\/vc_column_text][\/vc_column][\/vc_row][vc_row css=\u00bb.vc_custom_1491211579184{margin-bottom: 90px !important;}\u00bb][vc_column offset=\u00bbvc_col-lg-offset-1 vc_col-lg-4&#8243; css=\u00bb.vc_custom_1491277804068{margin-bottom: 30px !important;}\u00bb][vc_column_text] Servicios El hotel cuenta con 12 habitaciones y un [&hellip;]<\/p>\n","protected":false},"author":3,"featured_media":2335,"parent":0,"menu_order":0,"comment_status":"closed","ping_status":"closed","template":"templates\/page-builder.php","meta":{"footnotes":""},"class_list":["post-2892","page","type-page","status-publish","has-post-thumbnail","hentry"],"yoast_head":"<!-- This site is optimized with the Yoast SEO plugin v24.6 - https:\/\/yoast.com\/wordpress\/plugins\/seo\/ -->\n<title>Servicios e instalaciones - Santuari de Terrades<\/title>\n<meta name=\"robots\" content=\"index, follow, max-snippet:-1, max-image-preview:large, max-video-preview:-1\" \/>\n<link rel=\"canonical\" href=\"https:\/\/www.santuarideterrades.cat\/serveis-i-installacions2\/\" \/>\n<meta property=\"og:locale\" content=\"es_ES\" \/>\n<meta property=\"og:type\" content=\"article\" \/>\n<meta property=\"og:title\" content=\"Servicios e instalaciones - Santuari de Terrades\" \/>\n<meta property=\"og:description\" content=\"[vc_row][vc_column offset=\u00bbvc_col-lg-offset-2 vc_col-lg-8&#8243;][fleurdesel_heading title_size=\u00bbDefault\u00bb align=\u00bbcenter\u00bb title=\u00bbServicios e instalaciones\u00bb subtitle=\u00bbTODO LO QUE NECESITAS\u00bb css=\u00bb.vc_custom_1674817887328{margin-bottom: 40px !important;padding-top: 100px !important;}\u00bb][vc_column_text css=\u00bb.vc_custom_1674817353480{margin-bottom: 80px !important;}\u00bb] En el Hostal de La Salut podr\u00e1s disfrutar de diferentes espacios y servicios condicionados por tus necesidades. [\/vc_column_text][\/vc_column][\/vc_row][vc_row css=\u00bb.vc_custom_1491211579184{margin-bottom: 90px !important;}\u00bb][vc_column offset=\u00bbvc_col-lg-offset-1 vc_col-lg-4&#8243; css=\u00bb.vc_custom_1491277804068{margin-bottom: 30px !important;}\u00bb][vc_column_text] Servicios El hotel cuenta con 12 habitaciones y un [&hellip;]\" \/>\n<meta property=\"og:url\" content=\"https:\/\/www.santuarideterrades.cat\/serveis-i-installacions2\/\" \/>\n<meta property=\"og:site_name\" content=\"Santuari de Terrades\" \/>\n<meta property=\"article:modified_time\" content=\"2025-02-27T16:25:26+00:00\" \/>\n<meta property=\"og:image\" content=\"https:\/\/www.santuarideterrades.cat\/wp-content\/uploads\/2022\/08\/DSC_9872-2-1.jpg\" \/>\n\t<meta property=\"og:image:width\" content=\"1677\" \/>\n\t<meta property=\"og:image:height\" content=\"1130\" \/>\n\t<meta property=\"og:image:type\" content=\"image\/jpeg\" \/>\n<meta name=\"twitter:card\" content=\"summary_large_image\" \/>\n<meta name=\"twitter:label1\" content=\"Tiempo de lectura\" \/>\n\t<meta name=\"twitter:data1\" content=\"3 minutos\" \/>\n<script type=\"application\/ld+json\" class=\"yoast-schema-graph\">{\"@context\":\"https:\/\/schema.org\",\"@graph\":[{\"@type\":\"WebPage\",\"@id\":\"https:\/\/www.santuarideterrades.cat\/serveis-i-installacions2\/\",\"url\":\"https:\/\/www.santuarideterrades.cat\/serveis-i-installacions2\/\",\"name\":\"Servicios e instalaciones - Santuari de Terrades\",\"isPartOf\":{\"@id\":\"https:\/\/www.santuarideterrades.cat\/#website\"},\"primaryImageOfPage\":{\"@id\":\"https:\/\/www.santuarideterrades.cat\/serveis-i-installacions2\/#primaryimage\"},\"image\":{\"@id\":\"https:\/\/www.santuarideterrades.cat\/serveis-i-installacions2\/#primaryimage\"},\"thumbnailUrl\":\"https:\/\/www.santuarideterrades.cat\/wp-content\/uploads\/2022\/08\/DSC_9872-2-1.jpg\",\"datePublished\":\"2023-01-27T11:06:35+00:00\",\"dateModified\":\"2025-02-27T16:25:26+00:00\",\"breadcrumb\":{\"@id\":\"https:\/\/www.santuarideterrades.cat\/serveis-i-installacions2\/#breadcrumb\"},\"inLanguage\":\"es\",\"potentialAction\":[{\"@type\":\"ReadAction\",\"target\":[\"https:\/\/www.santuarideterrades.cat\/serveis-i-installacions2\/\"]}]},{\"@type\":\"ImageObject\",\"inLanguage\":\"es\",\"@id\":\"https:\/\/www.santuarideterrades.cat\/serveis-i-installacions2\/#primaryimage\",\"url\":\"https:\/\/www.santuarideterrades.cat\/wp-content\/uploads\/2022\/08\/DSC_9872-2-1.jpg\",\"contentUrl\":\"https:\/\/www.santuarideterrades.cat\/wp-content\/uploads\/2022\/08\/DSC_9872-2-1.jpg\",\"width\":1677,\"height\":1130},{\"@type\":\"BreadcrumbList\",\"@id\":\"https:\/\/www.santuarideterrades.cat\/serveis-i-installacions2\/#breadcrumb\",\"itemListElement\":[{\"@type\":\"ListItem\",\"position\":1,\"name\":\"Inici\",\"item\":\"https:\/\/www.santuarideterrades.cat\/\"},{\"@type\":\"ListItem\",\"position\":2,\"name\":\"Servicios e instalaciones\"}]},{\"@type\":\"WebSite\",\"@id\":\"https:\/\/www.santuarideterrades.cat\/#website\",\"url\":\"https:\/\/www.santuarideterrades.cat\/\",\"name\":\"Santuari de Terrades\",\"description\":\"Santuari de la Mare de D\u00e9u  de la Salut\",\"publisher\":{\"@id\":\"https:\/\/www.santuarideterrades.cat\/#organization\"},\"potentialAction\":[{\"@type\":\"SearchAction\",\"target\":{\"@type\":\"EntryPoint\",\"urlTemplate\":\"https:\/\/www.santuarideterrades.cat\/?s={search_term_string}\"},\"query-input\":{\"@type\":\"PropertyValueSpecification\",\"valueRequired\":true,\"valueName\":\"search_term_string\"}}],\"inLanguage\":\"es\"},{\"@type\":\"Organization\",\"@id\":\"https:\/\/www.santuarideterrades.cat\/#organization\",\"name\":\"Restaurant i Hostatgeria del Santuari de la Salut de Terrades\",\"url\":\"https:\/\/www.santuarideterrades.cat\/\",\"logo\":{\"@type\":\"ImageObject\",\"inLanguage\":\"es\",\"@id\":\"https:\/\/www.santuarideterrades.cat\/#\/schema\/logo\/image\/\",\"url\":\"https:\/\/www.santuarideterrades.cat\/wp-content\/uploads\/2022\/08\/LOGO-LA-SALUT-DE-TERRADES-fosc.png\",\"contentUrl\":\"https:\/\/www.santuarideterrades.cat\/wp-content\/uploads\/2022\/08\/LOGO-LA-SALUT-DE-TERRADES-fosc.png\",\"width\":2000,\"height\":826,\"caption\":\"Restaurant i Hostatgeria del Santuari de la Salut de Terrades\"},\"image\":{\"@id\":\"https:\/\/www.santuarideterrades.cat\/#\/schema\/logo\/image\/\"}}]}<\/script>\n<!-- \/ Yoast SEO plugin. -->","yoast_head_json":{"title":"Servicios e instalaciones - Santuari de Terrades","robots":{"index":"index","follow":"follow","max-snippet":"max-snippet:-1","max-image-preview":"max-image-preview:large","max-video-preview":"max-video-preview:-1"},"canonical":"https:\/\/www.santuarideterrades.cat\/serveis-i-installacions2\/","og_locale":"es_ES","og_type":"article","og_title":"Servicios e instalaciones - Santuari de Terrades","og_description":"[vc_row][vc_column offset=\u00bbvc_col-lg-offset-2 vc_col-lg-8&#8243;][fleurdesel_heading title_size=\u00bbDefault\u00bb align=\u00bbcenter\u00bb title=\u00bbServicios e instalaciones\u00bb subtitle=\u00bbTODO LO QUE NECESITAS\u00bb css=\u00bb.vc_custom_1674817887328{margin-bottom: 40px !important;padding-top: 100px !important;}\u00bb][vc_column_text css=\u00bb.vc_custom_1674817353480{margin-bottom: 80px !important;}\u00bb] En el Hostal de La Salut podr\u00e1s disfrutar de diferentes espacios y servicios condicionados por tus necesidades. [\/vc_column_text][\/vc_column][\/vc_row][vc_row css=\u00bb.vc_custom_1491211579184{margin-bottom: 90px !important;}\u00bb][vc_column offset=\u00bbvc_col-lg-offset-1 vc_col-lg-4&#8243; css=\u00bb.vc_custom_1491277804068{margin-bottom: 30px !important;}\u00bb][vc_column_text] Servicios El hotel cuenta con 12 habitaciones y un [&hellip;]","og_url":"https:\/\/www.santuarideterrades.cat\/serveis-i-installacions2\/","og_site_name":"Santuari de Terrades","article_modified_time":"2025-02-27T16:25:26+00:00","og_image":[{"width":1677,"height":1130,"url":"https:\/\/www.santuarideterrades.cat\/wp-content\/uploads\/2022\/08\/DSC_9872-2-1.jpg","type":"image\/jpeg"}],"twitter_card":"summary_large_image","twitter_misc":{"Tiempo de lectura":"3 minutos"},"schema":{"@context":"https:\/\/schema.org","@graph":[{"@type":"WebPage","@id":"https:\/\/www.santuarideterrades.cat\/serveis-i-installacions2\/","url":"https:\/\/www.santuarideterrades.cat\/serveis-i-installacions2\/","name":"Servicios e instalaciones - Santuari de Terrades","isPartOf":{"@id":"https:\/\/www.santuarideterrades.cat\/#website"},"primaryImageOfPage":{"@id":"https:\/\/www.santuarideterrades.cat\/serveis-i-installacions2\/#primaryimage"},"image":{"@id":"https:\/\/www.santuarideterrades.cat\/serveis-i-installacions2\/#primaryimage"},"thumbnailUrl":"https:\/\/www.santuarideterrades.cat\/wp-content\/uploads\/2022\/08\/DSC_9872-2-1.jpg","datePublished":"2023-01-27T11:06:35+00:00","dateModified":"2025-02-27T16:25:26+00:00","breadcrumb":{"@id":"https:\/\/www.santuarideterrades.cat\/serveis-i-installacions2\/#breadcrumb"},"inLanguage":"es","potentialAction":[{"@type":"ReadAction","target":["https:\/\/www.santuarideterrades.cat\/serveis-i-installacions2\/"]}]},{"@type":"ImageObject","inLanguage":"es","@id":"https:\/\/www.santuarideterrades.cat\/serveis-i-installacions2\/#primaryimage","url":"https:\/\/www.santuarideterrades.cat\/wp-content\/uploads\/2022\/08\/DSC_9872-2-1.jpg","contentUrl":"https:\/\/www.santuarideterrades.cat\/wp-content\/uploads\/2022\/08\/DSC_9872-2-1.jpg","width":1677,"height":1130},{"@type":"BreadcrumbList","@id":"https:\/\/www.santuarideterrades.cat\/serveis-i-installacions2\/#breadcrumb","itemListElement":[{"@type":"ListItem","position":1,"name":"Inici","item":"https:\/\/www.santuarideterrades.cat\/"},{"@type":"ListItem","position":2,"name":"Servicios e instalaciones"}]},{"@type":"WebSite","@id":"https:\/\/www.santuarideterrades.cat\/#website","url":"https:\/\/www.santuarideterrades.cat\/","name":"Santuari de Terrades","description":"Santuari de la Mare de D\u00e9u  de la Salut","publisher":{"@id":"https:\/\/www.santuarideterrades.cat\/#organization"},"potentialAction":[{"@type":"SearchAction","target":{"@type":"EntryPoint","urlTemplate":"https:\/\/www.santuarideterrades.cat\/?s={search_term_string}"},"query-input":{"@type":"PropertyValueSpecification","valueRequired":true,"valueName":"search_term_string"}}],"inLanguage":"es"},{"@type":"Organization","@id":"https:\/\/www.santuarideterrades.cat\/#organization","name":"Restaurant i Hostatgeria del Santuari de la Salut de Terrades","url":"https:\/\/www.santuarideterrades.cat\/","logo":{"@type":"ImageObject","inLanguage":"es","@id":"https:\/\/www.santuarideterrades.cat\/#\/schema\/logo\/image\/","url":"https:\/\/www.santuarideterrades.cat\/wp-content\/uploads\/2022\/08\/LOGO-LA-SALUT-DE-TERRADES-fosc.png","contentUrl":"https:\/\/www.santuarideterrades.cat\/wp-content\/uploads\/2022\/08\/LOGO-LA-SALUT-DE-TERRADES-fosc.png","width":2000,"height":826,"caption":"Restaurant i Hostatgeria del Santuari de la Salut de Terrades"},"image":{"@id":"https:\/\/www.santuarideterrades.cat\/#\/schema\/logo\/image\/"}}]}},"jetpack_sharing_enabled":true,"_links":{"self":[{"href":"https:\/\/www.santuarideterrades.cat\/es\/wp-json\/wp\/v2\/pages\/2892","targetHints":{"allow":["GET"]}}],"collection":[{"href":"https:\/\/www.santuarideterrades.cat\/es\/wp-json\/wp\/v2\/pages"}],"about":[{"href":"https:\/\/www.santuarideterrades.cat\/es\/wp-json\/wp\/v2\/types\/page"}],"author":[{"embeddable":true,"href":"https:\/\/www.santuarideterrades.cat\/es\/wp-json\/wp\/v2\/users\/3"}],"replies":[{"embeddable":true,"href":"https:\/\/www.santuarideterrades.cat\/es\/wp-json\/wp\/v2\/comments?post=2892"}],"version-history":[{"count":8,"href":"https:\/\/www.santuarideterrades.cat\/es\/wp-json\/wp\/v2\/pages\/2892\/revisions"}],"predecessor-version":[{"id":3090,"href":"https:\/\/www.santuarideterrades.cat\/es\/wp-json\/wp\/v2\/pages\/2892\/revisions\/3090"}],"wp:featuredmedia":[{"embeddable":true,"href":"https:\/\/www.santuarideterrades.cat\/es\/wp-json\/wp\/v2\/media\/2335"}],"wp:attachment":[{"href":"https:\/\/www.santuarideterrades.cat\/es\/wp-json\/wp\/v2\/media?parent=2892"}],"curies":[{"name":"wp","href":"https:\/\/api.w.org\/{rel}","templated":true}]}}